{"id":2359,"date":"2022-11-29T13:42:38","date_gmt":"2022-11-29T11:42:38","guid":{"rendered":"https:\/\/montesion.es\/?page_id=2359"},"modified":"2026-01-26T09:58:46","modified_gmt":"2026-01-26T07:58:46","slug":"trabajo-cooperativo-colegio-torrent-montesion","status":"publish","type":"page","link":"https:\/\/montesion.es\/index.php\/trabajo-cooperativo-colegio-torrent-montesion\/","title":{"rendered":"Cooperativo"},"content":{"rendered":"\t\t<div data-elementor-type=\"wp-page\" data-elementor-id=\"2359\" class=\"elementor elementor-2359\" data-elementor-post-type=\"page\">\n\t\t\t\t\t\t<section class=\"elementor-section elementor-top-section elementor-element elementor-element-4479c8ee elementor-section-boxed elementor-section-height-default elementor-section-height-default\" data-id=\"4479c8ee\" data-element_type=\"section\" data-e-type=\"section\" data-settings=\"{&quot;background_background&quot;:&quot;slideshow&quot;,&quot;background_slideshow_gallery&quot;:[{&quot;id&quot;:5451,&quot;url&quot;:&quot;https:\\\/\\\/montesion.es\\\/wp-content\\\/uploads\\\/2026\\\/01\\\/trabajo-cooperativo.jpg&quot;}],&quot;background_slideshow_loop&quot;:&quot;yes&quot;,&quot;background_slideshow_slide_duration&quot;:5000,&quot;background_slideshow_slide_transition&quot;:&quot;fade&quot;,&quot;background_slideshow_transition_duration&quot;:500}\">\n\t\t\t\t\t\t\t<div class=\"elementor-background-overlay\"><\/div>\n\t\t\t\t\t\t\t<div class=\"elementor-container elementor-column-gap-default\">\n\t\t\t\t\t<div class=\"elementor-column elementor-col-100 elementor-top-column elementor-element elementor-element-11309472\" data-id=\"11309472\" data-element_type=\"column\" data-e-type=\"column\">\n\t\t\t<div class=\"elementor-widget-wrap elementor-element-populated\">\n\t\t\t\t\t\t<div class=\"elementor-element elementor-element-28220d5f text-center elementor-widget elementor-widget-tp-heading-title\" data-id=\"28220d5f\" data-element_type=\"widget\" data-e-type=\"widget\" data-widget_type=\"tp-heading-title.default\">\n\t\t\t\t<div class=\"elementor-widget-container\">\n\t\t\t\t\t<div class=\"heading heading_style heading_style69d3b1dfa67af style-1 animate-general\"  data-animate-type=\"transition.bounceUpIn\" data-animate-delay=\"180\" data-animate-offset=\"85%\" data-tp-gsap-heading-text=\"\" data-tp-gsap-sub-heading-text=\"\"><div class=\"sub-style\" ><div class=\"head-title \" > <h1  class=\"heading-title   \"  data-hover=\"Trabajo cooperativo\">Trabajo cooperativo<span class=\"title-s \">  <\/span><\/h1><\/div><\/div><\/div>\t\t\t\t<\/div>\n\t\t\t\t<\/div>\n\t\t\t\t<div class=\"elementor-element elementor-element-45db8f8b elementor-widget elementor-widget-tp-adv-text-block\" data-id=\"45db8f8b\" data-element_type=\"widget\" data-e-type=\"widget\" data-settings=\"{&quot;_animation&quot;:&quot;none&quot;}\" data-widget_type=\"tp-adv-text-block.default\">\n\t\t\t\t<div class=\"elementor-widget-container\">\n\t\t\t\t\t<div class=\"pt-plus-text-block-wrapper\" data-tp-gsap-textblock=\"\" ><div class=\"text_block_parallax\"><div class=\"pt_plus_adv_text_block animate-general\"  data-animate-type=\"transition.shrinkIn\" data-animate-delay=\"50\" data-animate-offset=\"85%\"><div class=\"text-content-block\"><p><em>\u00abA trav\u00e9s de los dem\u00e1s, nos convertimos en nosotros mismos\u00bb \u2014 Lev Vygotsky.<\/em><\/p><\/div><\/div><\/div><\/div>\t\t\t\t<\/div>\n\t\t\t\t<\/div>\n\t\t\t\t\t<\/div>\n\t\t<\/div>\n\t\t\t\t\t<\/div>\n\t\t<\/section>\n\t\t\t\t<section class=\"elementor-section elementor-top-section elementor-element elementor-element-755decd elementor-section-boxed elementor-section-height-default elementor-section-height-default\" data-id=\"755decd\" data-element_type=\"section\" data-e-type=\"section\">\n\t\t\t\t\t\t<div class=\"elementor-container elementor-column-gap-default\">\n\t\t\t\t\t<div class=\"elementor-column elementor-col-100 elementor-top-column elementor-element elementor-element-49c6150\" data-id=\"49c6150\" data-element_type=\"column\" data-e-type=\"column\">\n\t\t\t<div class=\"elementor-widget-wrap elementor-element-populated\">\n\t\t\t\t\t\t<div class=\"elementor-element elementor-element-6e861e9 elementor-widget elementor-widget-spacer\" data-id=\"6e861e9\" data-element_type=\"widget\" data-e-type=\"widget\" data-widget_type=\"spacer.default\">\n\t\t\t\t<div class=\"elementor-widget-container\">\n\t\t\t\t\t\t\t<div class=\"elementor-spacer\">\n\t\t\t<div class=\"elementor-spacer-inner\"><\/div>\n\t\t<\/div>\n\t\t\t\t\t\t<\/div>\n\t\t\t\t<\/div>\n\t\t\t\t<div class=\"elementor-element elementor-element-04d3cb4 elementor-widget elementor-widget-text-editor\" data-id=\"04d3cb4\" data-element_type=\"widget\" data-e-type=\"widget\" data-widget_type=\"text-editor.default\">\n\t\t\t\t<div class=\"elementor-widget-container\">\n\t\t\t\t\t\t\t\t\t<h2>Las bases del aprendizaje cooperativo<\/h2><p>Este proceso educativo requiere el cumplimiento de una serie de claves para desarrollarlo de forma adecuada, tal y como llevamos a cabo en nuestro <strong>Colegio Ntra. Sra. de Monte-Si\u00f3n Torrent<\/strong>. Gracias a su aplicaci\u00f3n, los ni\u00f1os aprender\u00e1n a llevarse bien los unos con los otros, al tiempo que desarrollan sus conocimientos y habilidades.<\/p>\t\t\t\t\t\t\t\t<\/div>\n\t\t\t\t<\/div>\n\t\t\t\t<section class=\"elementor-section elementor-inner-section elementor-element elementor-element-12a82eb elementor-section-boxed elementor-section-height-default elementor-section-height-default\" data-id=\"12a82eb\" data-element_type=\"section\" data-e-type=\"section\">\n\t\t\t\t\t\t<div class=\"elementor-container elementor-column-gap-default\">\n\t\t\t\t\t<div class=\"elementor-column elementor-col-50 elementor-inner-column elementor-element elementor-element-25abee4\" data-id=\"25abee4\" data-element_type=\"column\" data-e-type=\"column\">\n\t\t\t<div class=\"elementor-widget-wrap elementor-element-populated\">\n\t\t\t\t\t\t<div class=\"elementor-element elementor-element-9b0ded0 elementor-widget elementor-widget-text-editor\" data-id=\"9b0ded0\" data-element_type=\"widget\" data-e-type=\"widget\" data-widget_type=\"text-editor.default\">\n\t\t\t\t<div class=\"elementor-widget-container\">\n\t\t\t\t\t\t\t\t\t<h2>El aprendizaje cooperativo y sus principios<\/h2>\n<p>El m\u00e9todo incide en el trabajo en equipo, lo que permite a los alumnos comprender mejor su papel. Esto les ayuda a entender las actividades que est\u00e1n realizando y asimilar con facilidad los conocimientos.<\/p>\n<p>Este modelo educativo se centra en el trabajo en equipo y se articula en varios aspectos.<\/p>\n<p><strong>Uno de ellos es la&nbsp;<\/strong><a href=\"https:\/\/es.wikipedia.org\/wiki\/Zona_de_desarrollo_pr\u00f3ximo\" target=\"_blank\" rel=\"noopener\">construcci\u00f3n del conocimiento<\/a>, lo que garantiza que el ni\u00f1o entienda el mundo en el que vive. Junto a este, se busca la adquisici\u00f3n de competencias y el desarrollo de habilidades sociales. La finalidad de ambas es garantizar una socializaci\u00f3n s\u00f3lida y unas capacidades de socializaci\u00f3n adecuadas, las cuales se potencian en nuestro <strong>colegio concertado en Torrent<\/strong>.<\/p>\n<p>Para cumplir con estos objetivos, las clases tienen que organizarse de manera correcta. Ten en cuenta que esta metodolog\u00eda nos permite educar en el <strong>Colegio Montesi\u00f3n<\/strong> a<strong> ni\u00f1os&nbsp;<\/strong><a href=\"https:\/\/montesion.es\" target=\"_blank\">a partir de tres a\u00f1os&nbsp;<\/a>y dotarles de las habilidades y conocimientos necesarios para insertarse en la sociedad. A diferencia de otros <strong>colegios en Torrent<\/strong>, esto lleva a la creaci\u00f3n de grupos peque\u00f1os, mixtos y heterog\u00e9neos, donde los alumnos trabajan de forma coordinada.<\/p>\t\t\t\t\t\t\t\t<\/div>\n\t\t\t\t<\/div>\n\t\t\t\t\t<\/div>\n\t\t<\/div>\n\t\t\t\t<div class=\"elementor-column elementor-col-50 elementor-inner-column elementor-element elementor-element-2ced252\" data-id=\"2ced252\" data-element_type=\"column\" data-e-type=\"column\">\n\t\t\t<div class=\"elementor-widget-wrap elementor-element-populated\">\n\t\t\t\t\t\t<div class=\"elementor-element elementor-element-9f8a8c5 elementor-widget elementor-widget-image\" data-id=\"9f8a8c5\" data-element_type=\"widget\" data-e-type=\"widget\" data-widget_type=\"image.default\">\n\t\t\t\t<div class=\"elementor-widget-container\">\n\t\t\t\t\t\t\t\t\t\t\t\t\t\t\t<img fetchpriority=\"high\" decoding=\"async\" width=\"300\" height=\"300\" src=\"https:\/\/montesion.es\/wp-content\/uploads\/2021\/03\/LOGO-TRABAJO-COOPERATIVO-AMIGONIANOS-1-300x300.jpg\" class=\"attachment-medium size-medium wp-image-1158\" alt=\"\" srcset=\"https:\/\/montesion.es\/wp-content\/uploads\/2021\/03\/LOGO-TRABAJO-COOPERATIVO-AMIGONIANOS-1-300x300.jpg 300w, https:\/\/montesion.es\/wp-content\/uploads\/2021\/03\/LOGO-TRABAJO-COOPERATIVO-AMIGONIANOS-1-150x150.jpg 150w, https:\/\/montesion.es\/wp-content\/uploads\/2021\/03\/LOGO-TRABAJO-COOPERATIVO-AMIGONIANOS-1-768x768.jpg 768w, https:\/\/montesion.es\/wp-content\/uploads\/2021\/03\/LOGO-TRABAJO-COOPERATIVO-AMIGONIANOS-1-700x700.jpg 700w, https:\/\/montesion.es\/wp-content\/uploads\/2021\/03\/LOGO-TRABAJO-COOPERATIVO-AMIGONIANOS-1.jpg 800w\" sizes=\"(max-width: 300px) 100vw, 300px\" \/>\t\t\t\t\t\t\t\t\t\t\t\t\t\t\t<\/div>\n\t\t\t\t<\/div>\n\t\t\t\t<div class=\"elementor-element elementor-element-ea4077a elementor-widget__width-inherit elementor-widget elementor-widget-text-editor\" data-id=\"ea4077a\" data-element_type=\"widget\" data-e-type=\"widget\" data-widget_type=\"text-editor.default\">\n\t\t\t\t<div class=\"elementor-widget-container\">\n\t\t\t\t\t\t\t\t\t<strong>Gracias al aprendizaje cooperativo,<\/strong> <strong>los objetivos de los alumnos se vinculan entre s\u00ed<\/strong>. Esta es la base de la cooperaci\u00f3n, ya que solo se avanzar\u00e1 si todos alcanzan sus metas. El trabajo se realiza poco a poco, sin abrumar a los ni\u00f1os. De este modo, van dando sus pasos teniendo en cuenta lo que los dem\u00e1s hacen. Al final, las acciones de cada uno van sumando, lo que les ayuda a progresar como personas desde la etapa de <strong>educaci\u00f3n infantil en Torrent<\/strong>.\n\nTambi\u00e9n se utiliza un sistema de interacciones dise\u00f1ado con esmero para que la influencia de los integrantes del grupo sea rec\u00edproca. <strong>Ning\u00fan alumno se queda aislado del resto<\/strong>, lo cual llevar\u00eda a fallos en la socializaci\u00f3n. Esto permite reducir los conflictos al m\u00ednimo, al tiempo que se dota a los peque\u00f1os de herramientas para resolverlos.\t\t\t\t\t\t\t\t<\/div>\n\t\t\t\t<\/div>\n\t\t\t\t\t<\/div>\n\t\t<\/div>\n\t\t\t\t\t<\/div>\n\t\t<\/section>\n\t\t\t\t<div class=\"elementor-element elementor-element-fe7c381 elementor-widget-divider--view-line elementor-widget elementor-widget-divider\" data-id=\"fe7c381\" data-element_type=\"widget\" data-e-type=\"widget\" data-widget_type=\"divider.default\">\n\t\t\t\t<div class=\"elementor-widget-container\">\n\t\t\t\t\t\t\t<div class=\"elementor-divider\">\n\t\t\t<span class=\"elementor-divider-separator\">\n\t\t\t\t\t\t<\/span>\n\t\t<\/div>\n\t\t\t\t\t\t<\/div>\n\t\t\t\t<\/div>\n\t\t\t\t<div class=\"elementor-element elementor-element-8c8d968 elementor-widget elementor-widget-text-editor\" data-id=\"8c8d968\" data-element_type=\"widget\" data-e-type=\"widget\" data-widget_type=\"text-editor.default\">\n\t\t\t\t<div class=\"elementor-widget-container\">\n\t\t\t\t\t\t\t\t\t<h2>Las bases del aprendizaje cooperativo<\/h2><p>Este proceso educativo requiere el cumplimiento de una serie de claves para desarrollarlo de forma adecuada, tal y como llevamos a cabo en nuestro <strong>Colegio Ntra. Sra. de Monte-Si\u00f3n Torrent<\/strong>. Gracias a su aplicaci\u00f3n, los ni\u00f1os aprender\u00e1n a llevarse bien los unos con los otros, al tiempo que desarrollan sus conocimientos y habilidades.<\/p>\t\t\t\t\t\t\t\t<\/div>\n\t\t\t\t<\/div>\n\t\t\t\t<div class=\"elementor-element elementor-element-83a42d8 elementor--h-position-center elementor--v-position-middle elementor-arrows-position-inside elementor-pagination-position-inside elementor-widget elementor-widget-slides\" data-id=\"83a42d8\" data-element_type=\"widget\" data-e-type=\"widget\" data-settings=\"{&quot;transition&quot;:&quot;fade&quot;,&quot;navigation&quot;:&quot;both&quot;,&quot;autoplay&quot;:&quot;yes&quot;,&quot;pause_on_hover&quot;:&quot;yes&quot;,&quot;pause_on_interaction&quot;:&quot;yes&quot;,&quot;autoplay_speed&quot;:5000,&quot;infinite&quot;:&quot;yes&quot;,&quot;transition_speed&quot;:500}\" data-widget_type=\"slides.default\">\n\t\t\t\t<div class=\"elementor-widget-container\">\n\t\t\t\t\t\t\t\t\t<div class=\"elementor-swiper\">\n\t\t\t\t\t<div class=\"elementor-slides-wrapper elementor-main-swiper swiper\" role=\"region\" aria-roledescription=\"carousel\" aria-label=\"Diapositivas\" dir=\"ltr\" data-animation=\"zoomIn\">\n\t\t\t\t<div class=\"swiper-wrapper elementor-slides\">\n\t\t\t\t\t\t\t\t\t\t<div class=\"elementor-repeater-item-d9da1ed swiper-slide\" role=\"group\" aria-roledescription=\"slide\"><div class=\"swiper-slide-bg\" role=\"img\"><\/div><div class=\"swiper-slide-inner\" ><div class=\"swiper-slide-contents\"><div class=\"elementor-slide-heading\">1. Interdependencia positiva<\/div><div class=\"elementor-slide-description\">La interdependencia se genera desde el trabajo, el cual vincula a todos los alumnos del grupo. El \u00e9xito a la hora de conseguir objetivos depende de lo que haga cada integrante y solo se alcanzar\u00e1 a trav\u00e9s de su cooperaci\u00f3n. Esto lleva a que los ni\u00f1os se ayuden entre s\u00ed para salir adelante, algo que potencia su implicaci\u00f3n en las actividades\u00a0de su\u00a0colegio para 3 a\u00f1os.\n<\/div><\/div><\/div><\/div><div class=\"elementor-repeater-item-87b23af swiper-slide\" role=\"group\" aria-roledescription=\"slide\"><div class=\"swiper-slide-bg\" role=\"img\"><\/div><div class=\"swiper-slide-inner\" ><div class=\"swiper-slide-contents\"><div class=\"elementor-slide-heading\">2. Responsabilidad<\/div><div class=\"elementor-slide-description\">La responsabilidad es tanto grupal como individual. Cada alumno debe adquirir el compromiso de alcanzar los objetivos grupales. Esto mismo lo har\u00e1 con los que tenga a nivel individual. De este modo, se consigue que comprenda que forma parte de un equipo, pero manteniendo su autonom\u00eda. Adem\u00e1s, actuar de esta manera limita la disoluci\u00f3n de las obligaciones, evitando que unos ni\u00f1os se aprovechen de otros.<\/div><\/div><\/div><\/div><div class=\"elementor-repeater-item-43e682a swiper-slide\" role=\"group\" aria-roledescription=\"slide\"><div class=\"swiper-slide-bg\" role=\"img\"><\/div><div class=\"swiper-slide-inner\" ><div class=\"swiper-slide-contents\"><div class=\"elementor-slide-heading\">3. Interacci\u00f3n estimulante<\/div><div class=\"elementor-slide-description\">Se utilizan din\u00e1micas interpersonales para aumentar las interacciones. Al compartir y ayudar a los dem\u00e1s, se fomenta que los alumnos promuevan el \u00e9xito de sus compa\u00f1eros. Esto hace que el avance de los trabajos sea fruto del esfuerzo y las aportaciones de cada miembro. En la base se encuentran el compromiso y el respeto por la otra persona. <\/div><\/div><\/div><\/div><div class=\"elementor-repeater-item-b467f38 swiper-slide\" role=\"group\" aria-roledescription=\"slide\"><div class=\"swiper-slide-bg\" role=\"img\"><\/div><div class=\"swiper-slide-inner\" ><div class=\"swiper-slide-contents\"><div class=\"elementor-slide-heading\">4. Evaluaci\u00f3n grupal<\/div><div class=\"elementor-slide-description\">El proceso evaluativo hace part\u00edcipes a los propios alumnos. Se establece un tiempo de reflexi\u00f3n conjunta para que analicen si han alcanzado o no sus objetivos, lo cual permite desarrollar un pensamiento cr\u00edtico, la honestidad y la sinceridad. Para que puedan avanzar, deber\u00e1n tomar las decisiones adecuadas en funci\u00f3n de los errores que han cometido.<\/div><\/div><\/div><\/div><div class=\"elementor-repeater-item-dd10180 swiper-slide\" role=\"group\" aria-roledescription=\"slide\"><div class=\"swiper-slide-bg\" role=\"img\"><\/div><div class=\"swiper-slide-inner\" ><div class=\"swiper-slide-contents\"><div class=\"elementor-slide-heading\">5. Habilidades grupales e interpersonales<\/div><div class=\"elementor-slide-description\">Si bien los conocimientos y el aprendizaje es importante, la adquisici\u00f3n de destrezas interpersonales tambi\u00e9n lo es. La capacidad comunicativa, la toma de decisiones o la resoluci\u00f3n de conflictos son algunas habilidades clave. Estas contribuyen a que los alumnos se relacionen con los dem\u00e1s y su entorno.<\/div><\/div><\/div><\/div>\t\t\t\t<\/div>\n\t\t\t\t\t\t\t\t\t\t\t\t\t\t\t<div class=\"swiper-pagination\"><\/div>\n\t\t\t\t\t\t\t\t\t\t\t\t\t\t\t\t<div class=\"elementor-swiper-button elementor-swiper-button-prev\" role=\"button\" tabindex=\"0\" aria-label=\"Diapositiva anterior\">\n\t\t\t\t\t\t\t<i aria-hidden=\"true\" class=\"eicon-chevron-left\"><\/i>\t\t\t\t\t\t<\/div>\n\t\t\t\t\t\t<div class=\"elementor-swiper-button elementor-swiper-button-next\" role=\"button\" tabindex=\"0\" aria-label=\"Diapositiva siguiente\">\n\t\t\t\t\t\t\t<i aria-hidden=\"true\" class=\"eicon-chevron-right\"><\/i>\t\t\t\t\t\t<\/div>\n\t\t\t\t\t\t\t\t\t\t\t\t<\/div>\n\t\t\t\t<\/div>\n\t\t\t\t\t\t\t\t<\/div>\n\t\t\t\t<\/div>\n\t\t\t\t<div class=\"elementor-element elementor-element-c149b48 elementor-widget elementor-widget-text-editor\" data-id=\"c149b48\" data-element_type=\"widget\" data-e-type=\"widget\" data-widget_type=\"text-editor.default\">\n\t\t\t\t<div class=\"elementor-widget-container\">\n\t\t\t\t\t\t\t\t\t<h2>\u00bfQu\u00e9 ventajas te aporta el aprendizaje cooperativo?<\/h2><p>Un aprendizaje de este tipo ofrece diferentes ventajas. Tenerlas en cuenta te ayudar\u00e1 a encontrar el <strong>mejor colegio en Torrent<\/strong> y escoger la formaci\u00f3n temprana m\u00e1s adecuada para que tus hijos sean mejores personas en el futuro.<\/p>\t\t\t\t\t\t\t\t<\/div>\n\t\t\t\t<\/div>\n\t\t\t\t\t<\/div>\n\t\t<\/div>\n\t\t\t\t\t<\/div>\n\t\t<\/section>\n\t\t\t\t<section class=\"elementor-section elementor-top-section elementor-element elementor-element-f29fa3d elementor-section-boxed elementor-section-height-default elementor-section-height-default\" data-id=\"f29fa3d\" data-element_type=\"section\" data-e-type=\"section\">\n\t\t\t\t\t\t<div class=\"elementor-container elementor-column-gap-default\">\n\t\t\t\t\t<div class=\"elementor-column elementor-col-50 elementor-top-column elementor-element elementor-element-798fdf8\" data-id=\"798fdf8\" data-element_type=\"column\" data-e-type=\"column\">\n\t\t\t<div class=\"elementor-widget-wrap elementor-element-populated\">\n\t\t\t\t\t\t<div class=\"elementor-element elementor-element-18b4cc3 elementor-flip-box--effect-flip elementor-flip-box--direction-up elementor-widget elementor-widget-flip-box\" data-id=\"18b4cc3\" data-element_type=\"widget\" data-e-type=\"widget\" data-widget_type=\"flip-box.default\">\n\t\t\t\t<div class=\"elementor-widget-container\">\n\t\t\t\t\t\t\t<div class=\"elementor-flip-box\" tabindex=\"0\">\n\t\t\t<div class=\"elementor-flip-box__layer elementor-flip-box__front\">\n\t\t\t\t<div class=\"elementor-flip-box__layer__overlay\">\n\t\t\t\t\t<div class=\"elementor-flip-box__layer__inner\">\n\t\t\t\t\t\t\t\t\t\t\t\t\t<div class=\"elementor-icon-wrapper elementor-view-default\">\n\t\t\t\t\t\t\t\t<div class=\"elementor-icon\">\n\t\t\t\t\t\t\t\t\t<i class=\"far fa-address-book\"><\/i>\t\t\t\t\t\t\t\t<\/div>\n\t\t\t\t\t\t\t<\/div>\n\t\t\t\t\t\t\n\t\t\t\t\t\t\t\t\t\t\t\t\t<h3 class=\"elementor-flip-box__layer__title\">\n\t\t\t\t\t\t\t\t<p><strong>Motivaci\u00f3n<\/strong>\t\t\t\t\t\t\t<\/h3>\n\t\t\t\t\t\t\n\t\t\t\t\t\t\t\t\t\t\t\t\t<div class=\"elementor-flip-box__layer__description\">\n\t\t\t\t\t\t\t\tAl ser un m\u00e9todo cooperativo, la implicaci\u00f3n de los alumnos es mayor. Los objetivos grupales y el modo en el que se consiguen les mantienen motivados. Adem\u00e1s, desarrollan su iniciativa propia, ya que deben aprender de sus errores.\t\t\t\t\t\t\t<\/div>\n\t\t\t\t\t\t\t\t\t\t\t<\/div>\n\t\t\t\t<\/div>\n\t\t\t<\/div>\n\t\t\t<div class=\"elementor-flip-box__layer elementor-flip-box__back\">\n\t\t\t<div class=\"elementor-flip-box__layer__overlay\">\n\t\t\t\t<div class=\"elementor-flip-box__layer__inner\">\n\t\t\t\t\t\t\t\t\t\t\t<h3 class=\"elementor-flip-box__layer__title\">\n\t\t\t\t\t\t\tRendimiento\t\t\t\t\t\t<\/h3>\n\t\t\t\t\t\n\t\t\t\t\t\t\t\t\t\t\t<div class=\"elementor-flip-box__layer__description\">\n\t\t\t\t\t\t\tLa cantidad de trabajo es mayor a otros m\u00e9todos, algo que no reduce el rendimiento de los alumnos, los cuales se esfuerzan para cumplir los objetivos grupales y los suyos propios. Tambi\u00e9n aumenta el grado de dominio de los procedimientos y conceptos.\t\t\t\t\t\t<\/div>\n\t\t\t\t\t\n\t\t\t\t\t\t\t\t<\/div>\n\t\t<\/div>\n\t\t<\/div>\n\t\t<\/div>\n\t\t\t\t\t\t<\/div>\n\t\t\t\t<\/div>\n\t\t\t\t\t<\/div>\n\t\t<\/div>\n\t\t\t\t<div class=\"elementor-column elementor-col-50 elementor-top-column elementor-element elementor-element-c74d373\" data-id=\"c74d373\" data-element_type=\"column\" data-e-type=\"column\">\n\t\t\t<div class=\"elementor-widget-wrap elementor-element-populated\">\n\t\t\t\t\t\t<div class=\"elementor-element elementor-element-9ce8fac elementor-flip-box--effect-flip elementor-flip-box--direction-up elementor-widget elementor-widget-flip-box\" data-id=\"9ce8fac\" data-element_type=\"widget\" data-e-type=\"widget\" data-widget_type=\"flip-box.default\">\n\t\t\t\t<div class=\"elementor-widget-container\">\n\t\t\t\t\t\t\t<div class=\"elementor-flip-box\" tabindex=\"0\">\n\t\t\t<div class=\"elementor-flip-box__layer elementor-flip-box__front\">\n\t\t\t\t<div class=\"elementor-flip-box__layer__overlay\">\n\t\t\t\t\t<div class=\"elementor-flip-box__layer__inner\">\n\t\t\t\t\t\t\t\t\t\t\t\t\t<div class=\"elementor-icon-wrapper elementor-view-default\">\n\t\t\t\t\t\t\t\t<div class=\"elementor-icon\">\n\t\t\t\t\t\t\t\t\t<i class=\"fas fa-user-friends\"><\/i>\t\t\t\t\t\t\t\t<\/div>\n\t\t\t\t\t\t\t<\/div>\n\t\t\t\t\t\t\n\t\t\t\t\t\t\t\t\t\t\t\t\t<h3 class=\"elementor-flip-box__layer__title\">\n\t\t\t\t\t\t\t\tConvivencia\t\t\t\t\t\t\t<\/h3>\n\t\t\t\t\t\t\n\t\t\t\t\t\t\t\t\t\t\t\t\t<div class=\"elementor-flip-box__layer__description\">\n\t\t\t\t\t\t\t\tCada miembro del equipo cooperativo trabaja para alcanzar la meta com\u00fan. Los lazos entre los alumnos se refuerzan, ya que no pueden permitir que los dem\u00e1s se queden atr\u00e1s. As\u00ed, se potencia su autoestima, su inclusi\u00f3n en el grupo y las relaciones interpersonales, algo por lo que apostamos en el <strong>Colegio Monte-Si\u00f3n<\/strong>.<\/p>\t\t\t\t\t\t\t<\/div>\n\t\t\t\t\t\t\t\t\t\t\t<\/div>\n\t\t\t\t<\/div>\n\t\t\t<\/div>\n\t\t\t<div class=\"elementor-flip-box__layer elementor-flip-box__back\">\n\t\t\t<div class=\"elementor-flip-box__layer__overlay\">\n\t\t\t\t<div class=\"elementor-flip-box__layer__inner\">\n\t\t\t\t\t\t\t\t\t\t\t<h3 class=\"elementor-flip-box__layer__title\">\n\t\t\t\t\t\t\tComprensi\u00f3n\t\t\t\t\t\t<\/h3>\n\t\t\t\t\t\n\t\t\t\t\t\t\t\t\t\t\t<div class=\"elementor-flip-box__layer__description\">\n\t\t\t\t\t\t\tEl m\u00e9todo incide en el trabajo en equipo, lo que permite a los alumnos comprender mejor su papel. Esto les ayuda a entender las actividades que est\u00e1n realizando y asimilar con facilidad los conocimientos.<\/p>\t\t\t\t\t\t<\/div>\n\t\t\t\t\t\n\t\t\t\t\t\t\t\t<\/div>\n\t\t<\/div>\n\t\t<\/div>\n\t\t<\/div>\n\t\t\t\t\t\t<\/div>\n\t\t\t\t<\/div>\n\t\t\t\t\t<\/div>\n\t\t<\/div>\n\t\t\t\t\t<\/div>\n\t\t<\/section>\n\t\t\t\t<\/div>\n\t\t","protected":false},"excerpt":{"rendered":"<p>Trabajo cooperativo \u00abA trav\u00e9s de los dem\u00e1s, nos convertimos en nosotros mismos\u00bb \u2014 Lev Vygotsky. Las bases del aprendizaje cooperativo Este proceso educativo requiere el cumplimiento de una serie de claves para desarrollarlo de forma adecuada, tal y como llevamos a cabo en nuestro Colegio Ntra. Sra. de Monte-Si\u00f3n Torrent. Gracias a su aplicaci\u00f3n, los &#8230; <a title=\"Cooperativo\" class=\"read-more\" href=\"https:\/\/montesion.es\/index.php\/trabajo-cooperativo-colegio-torrent-montesion\/\" aria-label=\"Leer m\u00e1s sobre Cooperativo\">Leer m\u00e1s<\/a><\/p>\n","protected":false},"author":3,"featured_media":0,"parent":0,"menu_order":0,"comment_status":"closed","ping_status":"closed","template":"elementor_header_footer","meta":{"_monsterinsights_skip_tracking":false,"_monsterinsights_sitenote_active":false,"_monsterinsights_sitenote_note":"","_monsterinsights_sitenote_category":0,"footnotes":""},"class_list":["post-2359","page","type-page","status-publish"],"_links":{"self":[{"href":"https:\/\/montesion.es\/index.php\/wp-json\/wp\/v2\/pages\/2359","targetHints":{"allow":["GET"]}}],"collection":[{"href":"https:\/\/montesion.es\/index.php\/wp-json\/wp\/v2\/pages"}],"about":[{"href":"https:\/\/montesion.es\/index.php\/wp-json\/wp\/v2\/types\/page"}],"author":[{"embeddable":true,"href":"https:\/\/montesion.es\/index.php\/wp-json\/wp\/v2\/users\/3"}],"replies":[{"embeddable":true,"href":"https:\/\/montesion.es\/index.php\/wp-json\/wp\/v2\/comments?post=2359"}],"version-history":[{"count":90,"href":"https:\/\/montesion.es\/index.php\/wp-json\/wp\/v2\/pages\/2359\/revisions"}],"predecessor-version":[{"id":5747,"href":"https:\/\/montesion.es\/index.php\/wp-json\/wp\/v2\/pages\/2359\/revisions\/5747"}],"wp:attachment":[{"href":"https:\/\/montesion.es\/index.php\/wp-json\/wp\/v2\/media?parent=2359"}],"curies":[{"name":"wp","href":"https:\/\/api.w.org\/{rel}","templated":true}]}}