{"id":1557,"date":"2021-06-03T10:11:41","date_gmt":"2021-06-03T10:11:41","guid":{"rendered":"https:\/\/montesion.es\/?page_id=1557"},"modified":"2021-06-03T10:17:20","modified_gmt":"2021-06-03T10:17:20","slug":"politica-y-privacidad","status":"publish","type":"page","link":"https:\/\/montesion.es\/index.php\/politica-y-privacidad\/","title":{"rendered":"Pol\u00edtica y privacidad"},"content":{"rendered":"\t\t<div data-elementor-type=\"wp-page\" data-elementor-id=\"1557\" class=\"elementor elementor-1557\" data-elementor-post-type=\"page\">\n\t\t\t\t\t\t<section class=\"elementor-section elementor-top-section elementor-element elementor-element-696444e elementor-section-boxed elementor-section-height-default elementor-section-height-default\" data-id=\"696444e\" data-element_type=\"section\" data-e-type=\"section\">\n\t\t\t\t\t\t<div class=\"elementor-container elementor-column-gap-default\">\n\t\t\t\t\t<div class=\"elementor-column elementor-col-100 elementor-top-column elementor-element elementor-element-2b14f05\" data-id=\"2b14f05\" data-element_type=\"column\" data-e-type=\"column\">\n\t\t\t<div class=\"elementor-widget-wrap elementor-element-populated\">\n\t\t\t\t\t\t<div class=\"elementor-element elementor-element-c98a3d1 elementor-widget elementor-widget-text-editor\" data-id=\"c98a3d1\" data-element_type=\"widget\" data-e-type=\"widget\" data-widget_type=\"text-editor.default\">\n\t\t\t\t<div class=\"elementor-widget-container\">\n\t\t\t\t\t\t\t\t\t<p>Colegio Ntra. Sra. de Monte-Si\u00f3n est\u00e1 especialmente sensibilizado en la protecci\u00f3n de datos de car\u00e1cter personal de los Usuarios de los servicios del sitio Web. Mediante la presente Pol\u00edtica de Privacidad (en adelante, la Pol\u00edtica) Colegio Ntra. Sra. de Monte-Si\u00f3n, informa a los USUARIOS de los sitios web: <a href=\"http:\/\/colegiosantarita.es\/\" target=\"_blank\" rel=\"noopener\">montesion.es<\/a>, de los usos a los que se someten los datos de car\u00e1cter personal que se recaban en sitio Web, con el fin de que decidan, libre y voluntariamente, si desean facilitar la informaci\u00f3n solicitada.<\/p><p>Colegio Ntra. Sra. de Monte-Si\u00f3n se reserva la facultad de modificar esta Pol\u00edtica con el objeto de adaptarla a novedades legislativas, criterios jurisprudenciales, pr\u00e1cticas del sector, o intereses de la entidad. Cualquier modificaci\u00f3n en la misma ser\u00e1 anunciada con la debida antelaci\u00f3n, a fin de que tenga perfecto conocimiento de su contenido.<\/p><p><strong>RESPONSABLE<\/strong><\/p><p>El Responsable del Tratamiento de los datos de car\u00e1cter personal es;<\/p><p>Colegio Ntra. Sra. de Monte-Si\u00f3n<\/p><p>Con domicilio social a estos efectos en Av. Padre Prudencio, 10, 46900 Torrent, Valencia<\/p><p>Tel. +34961555252<\/p><p>e-mail:\u00a0<a href=\"mailto:info@colegiosantarita.es\">montesion@montesion.es<\/a><\/p><p><strong>FINALIDAD DEL TRATAMIENTO<\/strong><\/p><p>La finalidad de la recogida y tratamiento de los datos personales, a trav\u00e9s del correo electr\u00f3nico propiedad de Colegio Ntra. Sra. de Monte-Si\u00f3n, puesto a disposici\u00f3n de los Usuarios, responde, seg\u00fan el caso concreto, para gestionar y atender a solicitudes de informaci\u00f3n, dudas o sugerencias, o bien a las publicaciones o a cualesquiera servicios o actividades, actos o eventos prestados, ofertados, patrocinados y\/o sponsorizados por Colegio Ntra. Sra. de Monte-Si\u00f3n.<\/p><p><strong>PLAZO DE CONSERVACI\u00d3N<\/strong><\/p><p>Los datos personales proporcionados se conservar\u00e1n durante el plazo correspondiente para cumplir con las obligaciones legales, o hasta que se solicite su supresi\u00f3n por el interesado y este est\u00e9 legitimado para ello.<\/p><p><strong>LEGITIMACI\u00d3N<\/strong><\/p><p>Colegio Ntra. Sra. de Monte-Si\u00f3n, est\u00e1 legitimado al tratamiento de datos personales, en base al consentimiento otorgado por el interesado para uno o varios fines espec\u00edficos, tal y como recoge el art\u00edculo 6.1.a) del Reglamento General de Protecci\u00f3n de datos personales.<\/p><p><strong>DESTINATARIOS<\/strong><\/p><p>Con el fin de que los datos obrantes en nuestros ficheros, inform\u00e1ticos y\/o en papel, siempre correspondan a la realidad, se tratar\u00e1 de mantenerlos actualizados. De manera que, a estos efectos, el Usuario deber\u00e1 realizar los cambios, directamente, cuando as\u00ed est\u00e9 habilitado o comunic\u00e1ndose, por medio fehaciente, al \u00e1rea o departamento correspondiente a Colegio Ntra. Sra. de Monte-Si\u00f3n.<\/p><p>Los datos personales recabados a trav\u00e9s del correo electr\u00f3nico propiedad del responsable del tratamiento, no ser\u00e1n cedidos o comunicados a terceros, salvo en los supuestos necesarios para el desarrollo, control y cumplimiento de la\/s finalidad\/es expresada\/s, en los supuestos previstos seg\u00fan Ley, as\u00ed como en los casos espec\u00edficos, de los que se informe expresamente al Usuario.<\/p><p><strong>DERECHOS DE LOS USUARIOS<\/strong><\/p><p>El interesado de los datos personales, en todo caso podr\u00e1 ejercitar los derechos que le asisten, de acuerdo con el RGPD, y que son:<\/p><ul><li>Derecho a solicitar el acceso a los datos personales relativos al interesado,<\/li><li>Derecho a solicitar su rectificaci\u00f3n o supresi\u00f3n,<\/li><li>Derecho a solicitar la limitaci\u00f3n de su tratamiento,<\/li><li>Derecho a oponerse al tratamiento,<\/li><li>Derecho a la portabilidad de los datos<\/li><\/ul><p>El interesado podr\u00e1 ejercitar tales derechos mediante solicitud acompa\u00f1ada de una fotocopia de su D.N.I, y en la que especificar\u00e1 cu\u00e1l de \u00e9stos solicita sea satisfecho, remitida a la Av. Padre Prudencio, 10, 46900 Torrent, Valencia, o a nuestro Delegado de Protecci\u00f3n de Datos <a href=\"mailto:info@colegiosantarita.es\">montesion@montesion.es<\/a>.<\/p><p><strong>PROCEDENCIA (S\u00d3LO SI LOS DATOS NO PROCEDEN DEL INTERESADO)<\/strong><\/p><p>Colegio Ntra. Sra. de Monte-Si\u00f3n, ha adoptado en su sistema de informaci\u00f3n las medidas t\u00e9cnicas y organizativas legalmente requeridas, a fin de garantizar la seguridad y confidencialidad de los datos almacenados, evitando as\u00ed, en la medida de lo posible, su alteraci\u00f3n, p\u00e9rdida, tratamiento o acceso no autorizado.<\/p><p><strong>MEDIDAS DE SEGURIDAD<\/strong><\/p><p>El responsable del tratamiento (Colegio Ntra. Sra. de Monte-Si\u00f3n) aplicar\u00e1 medidas t\u00e9cnicas y organizativas apropiadas para garantizar un nivel de seguridad adecuado al riesgo del mismo.<\/p>\t\t\t\t\t\t\t\t<\/div>\n\t\t\t\t<\/div>\n\t\t\t\t\t<\/div>\n\t\t<\/div>\n\t\t\t\t\t<\/div>\n\t\t<\/section>\n\t\t\t\t<\/div>\n\t\t","protected":false},"excerpt":{"rendered":"<p>Colegio Ntra. Sra. de Monte-Si\u00f3n est\u00e1 especialmente sensibilizado en la protecci\u00f3n de datos de car\u00e1cter personal de los Usuarios de los servicios del sitio Web. Mediante la presente Pol\u00edtica de Privacidad (en adelante, la Pol\u00edtica) Colegio Ntra. Sra. de Monte-Si\u00f3n, informa a los USUARIOS de los sitios web: montesion.es, de los usos a los que &#8230; <a title=\"Pol\u00edtica y privacidad\" class=\"read-more\" href=\"https:\/\/montesion.es\/index.php\/politica-y-privacidad\/\" aria-label=\"Leer m\u00e1s sobre Pol\u00edtica y privacidad\">Leer m\u00e1s<\/a><\/p>\n","protected":false},"author":3,"featured_media":0,"parent":0,"menu_order":0,"comment_status":"closed","ping_status":"closed","template":"","meta":{"_monsterinsights_skip_tracking":false,"_monsterinsights_sitenote_active":false,"_monsterinsights_sitenote_note":"","_monsterinsights_sitenote_category":0,"footnotes":""},"class_list":["post-1557","page","type-page","status-publish"],"_links":{"self":[{"href":"https:\/\/montesion.es\/index.php\/wp-json\/wp\/v2\/pages\/1557","targetHints":{"allow":["GET"]}}],"collection":[{"href":"https:\/\/montesion.es\/index.php\/wp-json\/wp\/v2\/pages"}],"about":[{"href":"https:\/\/montesion.es\/index.php\/wp-json\/wp\/v2\/types\/page"}],"author":[{"embeddable":true,"href":"https:\/\/montesion.es\/index.php\/wp-json\/wp\/v2\/users\/3"}],"replies":[{"embeddable":true,"href":"https:\/\/montesion.es\/index.php\/wp-json\/wp\/v2\/comments?post=1557"}],"version-history":[{"count":4,"href":"https:\/\/montesion.es\/index.php\/wp-json\/wp\/v2\/pages\/1557\/revisions"}],"predecessor-version":[{"id":1562,"href":"https:\/\/montesion.es\/index.php\/wp-json\/wp\/v2\/pages\/1557\/revisions\/1562"}],"wp:attachment":[{"href":"https:\/\/montesion.es\/index.php\/wp-json\/wp\/v2\/media?parent=1557"}],"curies":[{"name":"wp","href":"https:\/\/api.w.org\/{rel}","templated":true}]}}