{"id":1526,"date":"2021-04-20T13:54:19","date_gmt":"2021-04-20T13:54:19","guid":{"rendered":"https:\/\/montesion.es\/?page_id=1526"},"modified":"2021-08-31T13:07:20","modified_gmt":"2021-08-31T11:07:20","slug":"educamos","status":"publish","type":"page","link":"https:\/\/montesion.es\/index.php\/educamos\/","title":{"rendered":"Educamos"},"content":{"rendered":"\t\t<div data-elementor-type=\"wp-page\" data-elementor-id=\"1526\" class=\"elementor elementor-1526\" data-elementor-post-type=\"page\">\n\t\t\t\t\t\t<section class=\"elementor-section elementor-top-section elementor-element elementor-element-43e69ba elementor-section-boxed elementor-section-height-default elementor-section-height-default\" data-id=\"43e69ba\" data-element_type=\"section\" data-e-type=\"section\">\n\t\t\t\t\t\t<div class=\"elementor-container elementor-column-gap-default\">\n\t\t\t\t\t<div class=\"elementor-column elementor-col-100 elementor-top-column elementor-element elementor-element-683c42e\" data-id=\"683c42e\" data-element_type=\"column\" data-e-type=\"column\" data-settings=\"{&quot;background_background&quot;:&quot;classic&quot;}\">\n\t\t\t<div class=\"elementor-widget-wrap elementor-element-populated\">\n\t\t\t\t\t\t<div class=\"elementor-element elementor-element-4b811cc elementor-widget elementor-widget-image\" data-id=\"4b811cc\" data-element_type=\"widget\" data-e-type=\"widget\" data-widget_type=\"image.default\">\n\t\t\t\t<div class=\"elementor-widget-container\">\n\t\t\t\t\t\t\t\t\t\t\t\t\t\t\t<img decoding=\"async\" width=\"164\" height=\"164\" src=\"https:\/\/montesion.es\/wp-content\/uploads\/2021\/04\/logo.png\" class=\"attachment-large size-large wp-image-1528\" alt=\"\" srcset=\"https:\/\/montesion.es\/wp-content\/uploads\/2021\/04\/logo.png 164w, https:\/\/montesion.es\/wp-content\/uploads\/2021\/04\/logo-150x150.png 150w\" sizes=\"(max-width: 164px) 100vw, 164px\" \/>\t\t\t\t\t\t\t\t\t\t\t\t\t\t\t<\/div>\n\t\t\t\t<\/div>\n\t\t\t\t<div class=\"elementor-element elementor-element-20b84b8 elementor-widget elementor-widget-heading\" data-id=\"20b84b8\" data-element_type=\"widget\" data-e-type=\"widget\" data-widget_type=\"heading.default\">\n\t\t\t\t<div class=\"elementor-widget-container\">\n\t\t\t\t\t<h2 class=\"elementor-heading-title elementor-size-default\">Acceso EDUCAMOS<\/h2>\t\t\t\t<\/div>\n\t\t\t\t<\/div>\n\t\t\t\t<div class=\"elementor-element elementor-element-9757b17 elementor-align-center elementor-widget elementor-widget-button\" data-id=\"9757b17\" data-element_type=\"widget\" data-e-type=\"widget\" data-widget_type=\"button.default\">\n\t\t\t\t<div class=\"elementor-widget-container\">\n\t\t\t\t\t\t\t\t\t<div class=\"elementor-button-wrapper\">\n\t\t\t\t\t<a class=\"elementor-button elementor-button-link elementor-size-sm elementor-animation-grow\" href=\"https:\/\/sso2.educamos.com\/Autenticacion\/Acceder?ReturnUrl=%2Fissue%2Fwsfed%3Fwa%3Dwsignin1.0%26wtrealm%3Dhttps%253a%252f%252fnsmontesion-torrente.educamos.com%252f%26wctx%3Drm%253d0%2526id%253dpassive%2526ru%253d%25252f%26wct%3D2021-04-15T14%253a41%253a26Z\" target=\"_blank\" rel=\"noopener\">\n\t\t\t\t\t\t<span class=\"elementor-button-content-wrapper\">\n\t\t\t\t\t\t\t\t\t<span class=\"elementor-button-text\">ACCEDER A EDUCAMOS<\/span>\n\t\t\t\t\t<\/span>\n\t\t\t\t\t<\/a>\n\t\t\t\t<\/div>\n\t\t\t\t\t\t\t\t<\/div>\n\t\t\t\t<\/div>\n\t\t\t\t\t<\/div>\n\t\t<\/div>\n\t\t\t\t\t<\/div>\n\t\t<\/section>\n\t\t\t\t<section class=\"elementor-section elementor-top-section elementor-element elementor-element-61dde83 elementor-section-boxed elementor-section-height-default elementor-section-height-default\" data-id=\"61dde83\" data-element_type=\"section\" data-e-type=\"section\">\n\t\t\t\t\t\t<div class=\"elementor-container elementor-column-gap-default\">\n\t\t\t\t\t<div class=\"elementor-column elementor-col-100 elementor-top-column elementor-element elementor-element-bb47552\" data-id=\"bb47552\" data-element_type=\"column\" data-e-type=\"column\">\n\t\t\t<div class=\"elementor-widget-wrap elementor-element-populated\">\n\t\t\t\t\t\t<div class=\"elementor-element elementor-element-93d4809 elementor-widget elementor-widget-heading\" data-id=\"93d4809\" data-element_type=\"widget\" data-e-type=\"widget\" data-widget_type=\"heading.default\">\n\t\t\t\t<div class=\"elementor-widget-container\">\n\t\t\t\t\t<h2 class=\"elementor-heading-title elementor-size-default\">\u00bfMe pide una URL? \u00bfQu\u00e9 URL debo poner?<\/h2>\t\t\t\t<\/div>\n\t\t\t\t<\/div>\n\t\t\t\t<div class=\"elementor-element elementor-element-bf77cb2 elementor-widget elementor-widget-text-editor\" data-id=\"bf77cb2\" data-element_type=\"widget\" data-e-type=\"widget\" data-widget_type=\"text-editor.default\">\n\t\t\t\t<div class=\"elementor-widget-container\">\n\t\t\t\t\t\t\t\t\t<p>La URL que exige la app es la URL de acceso al Educamos del colegio. En nuestro caso esa URL es:<br \/><strong>https:\/\/nsmontesion-torrente.educamos.com<\/strong><br \/>Esta URL tambi\u00e9n se facilita en el correo que se te envi\u00f3 con los datos de acceso (usuario y contrase\u00f1a) a la plataforma.<\/p>\t\t\t\t\t\t\t\t<\/div>\n\t\t\t\t<\/div>\n\t\t\t\t<div class=\"elementor-element elementor-element-d1c767a elementor-widget elementor-widget-heading\" data-id=\"d1c767a\" data-element_type=\"widget\" data-e-type=\"widget\" data-widget_type=\"heading.default\">\n\t\t\t\t<div class=\"elementor-widget-container\">\n\t\t\t\t\t<h2 class=\"elementor-heading-title elementor-size-default\">\u00bfPuedo usar la APP en mi tablet?<\/h2>\t\t\t\t<\/div>\n\t\t\t\t<\/div>\n\t\t\t\t<div class=\"elementor-element elementor-element-d339233 elementor-widget elementor-widget-text-editor\" data-id=\"d339233\" data-element_type=\"widget\" data-e-type=\"widget\" data-widget_type=\"text-editor.default\">\n\t\t\t\t<div class=\"elementor-widget-container\">\n\t\t\t\t\t\t\t\t\t<p><strong>No existe App para Familias para dispositivos de tipo tablet<\/strong>. La App de Educamos para tablet est\u00e1 orientada a los Docentes y no te servir\u00e1 de nada.<br \/>La App para Familias por el momento s\u00f3lo est\u00e1 disponible para Smartphones.<\/p>\t\t\t\t\t\t\t\t<\/div>\n\t\t\t\t<\/div>\n\t\t\t\t<div class=\"elementor-element elementor-element-4302bd6 elementor-widget elementor-widget-heading\" data-id=\"4302bd6\" data-element_type=\"widget\" data-e-type=\"widget\" data-widget_type=\"heading.default\">\n\t\t\t\t<div class=\"elementor-widget-container\">\n\t\t\t\t\t<h2 class=\"elementor-heading-title elementor-size-default\">\u00bfD\u00f3nde puedo obtener la APP EDUCAMOS - FAMILIAS?<\/h2>\t\t\t\t<\/div>\n\t\t\t\t<\/div>\n\t\t\t\t<div class=\"elementor-element elementor-element-162e744 elementor-widget elementor-widget-text-editor\" data-id=\"162e744\" data-element_type=\"widget\" data-e-type=\"widget\" data-widget_type=\"text-editor.default\">\n\t\t\t\t<div class=\"elementor-widget-container\">\n\t\t\t\t\t\t\t\t\t<p>Depende del m\u00f3vil que tengas. Recuerda que se trata de la\u00a0<strong>App para Familias<\/strong>, de entre las distintas Apps de Educamos que hay.<\/p>\t\t\t\t\t\t\t\t<\/div>\n\t\t\t\t<\/div>\n\t\t\t\t<div class=\"elementor-element elementor-element-4bf1df3 elementor-widget elementor-widget-heading\" data-id=\"4bf1df3\" data-element_type=\"widget\" data-e-type=\"widget\" data-widget_type=\"heading.default\">\n\t\t\t\t<div class=\"elementor-widget-container\">\n\t\t\t\t\t<h2 class=\"elementor-heading-title elementor-size-default\">C\u00f3mo ver los recibos<\/h2>\t\t\t\t<\/div>\n\t\t\t\t<\/div>\n\t\t\t\t<div class=\"elementor-element elementor-element-9553800 elementor-widget elementor-widget-text-editor\" data-id=\"9553800\" data-element_type=\"widget\" data-e-type=\"widget\" data-widget_type=\"text-editor.default\">\n\t\t\t\t<div class=\"elementor-widget-container\">\n\t\t\t\t\t\t\t\t\t<div class=\"pull-none item-image\"><\/a><\/div>\nPara consultar los recibos debemos dirigirnos a la secci\u00f3n\u00a0<strong>Mi Espacio<\/strong>\u00a0dentro de la p\u00e1gina principal. En\u00a0<strong>Recibos<\/strong>\u00a0veremos un resumen de los \u00faltimos recibos que se han pasado y un bot\u00f3n nuevo\u00a0<strong>M\u00e1s info\u00a0<\/strong>que nos permitir\u00e1 acceder a este apartado.\n\n<img decoding=\"async\" src=\"https:\/\/montesion.es\/images\/Educamos\/tutoriales\/recibos1.jpeg\" alt=\"\" \/>\n\nLo primero que debemos hacer es\u00a0<strong>Seleccionar un hijo<\/strong>\u00a0en los criterios de b\u00fasqueda o\u00a0<strong>Todos los recibos<\/strong>\u00a0en caso de que deseemos ver todos juntos.\n\n<img decoding=\"async\" src=\"https:\/\/montesion.es\/images\/Educamos\/tutoriales\/recibos2.jpeg\" alt=\"\" \/>\n\nCuando tengamos los criterios de b\u00fasqueda claros, haremos clic en\u00a0<strong>Buscar<\/strong>para visualizar todos los recibos.\n\n<img decoding=\"async\" src=\"https:\/\/montesion.es\/images\/Educamos\/tutoriales\/recibos3.jpeg\" alt=\"\" \/>\n\nSe desplegar\u00e1n a continuaci\u00f3n todos los recibos que hayamos buscado con la informaci\u00f3n desglosada de cada uno.\t\t\t\t\t\t\t\t<\/div>\n\t\t\t\t<\/div>\n\t\t\t\t<div class=\"elementor-element elementor-element-a14a718 elementor-widget elementor-widget-heading\" data-id=\"a14a718\" data-element_type=\"widget\" data-e-type=\"widget\" data-widget_type=\"heading.default\">\n\t\t\t\t<div class=\"elementor-widget-container\">\n\t\t\t\t\t<h2 class=\"elementor-heading-title elementor-size-default\">C\u00f3mo leer un mensaje recibido<\/h2>\t\t\t\t<\/div>\n\t\t\t\t<\/div>\n\t\t\t\t<div class=\"elementor-element elementor-element-312241d elementor-widget elementor-widget-text-editor\" data-id=\"312241d\" data-element_type=\"widget\" data-e-type=\"widget\" data-widget_type=\"text-editor.default\">\n\t\t\t\t<div class=\"elementor-widget-container\">\n\t\t\t\t\t\t\t\t\t<p>El nuevo educamos incorpora una cuenta de correo Outlook por cada usuario y funciona soportado por Microsoft. Para leer un mensaje, hacer clic en la opci\u00f3n<strong>\u00a0Mis mensajes &gt; Mi correo<\/strong>\u00a0del men\u00fa lateral izquierdo bajo la foto de perfil.<\/p><ul><li>Se abrir\u00e1 una nueva ventana que dar\u00e1 acceso a la cuenta Outlook personal del usuario. (La primera vez que se accede hay que configurar el idioma Espa\u00f1ol, alfabetizaci\u00f3n internacional; y la zona horaria\u00a0<strong>+1 Bruselas Copenhage Madrid Par\u00eds<\/strong>)<\/li><li>Se visualizar\u00e1n los mensajes recibidos. Al hacer clic sobre el mensaje se abrir\u00e1 en la parte derecha de forma completa.<\/li><\/ul>\t\t\t\t\t\t\t\t<\/div>\n\t\t\t\t<\/div>\n\t\t\t\t<div class=\"elementor-element elementor-element-7678920 elementor-widget elementor-widget-heading\" data-id=\"7678920\" data-element_type=\"widget\" data-e-type=\"widget\" data-widget_type=\"heading.default\">\n\t\t\t\t<div class=\"elementor-widget-container\">\n\t\t\t\t\t<h2 class=\"elementor-heading-title elementor-size-default\">C\u00f3mo enviar un mensaje<\/h2>\t\t\t\t<\/div>\n\t\t\t\t<\/div>\n\t\t\t\t<div class=\"elementor-element elementor-element-b1da2a6 elementor-widget elementor-widget-text-editor\" data-id=\"b1da2a6\" data-element_type=\"widget\" data-e-type=\"widget\" data-widget_type=\"text-editor.default\">\n\t\t\t\t<div class=\"elementor-widget-container\">\n\t\t\t\t\t\t\t\t\t<p>Para enviar un mensaje, hacer clic en la opci\u00f3n<strong>\u00a0Mis mensajes &gt; Nuevo correo<\/strong>\u00a0del men\u00fa lateral izquierdo bajo la foto de perfil.<\/p><ul><li>Seleccionar el destinatario usando los filtros adecuados en las opciones\u00a0<em>Para, Cc\u00a0<\/em>o<em>\u00a0Cco<\/em>.<\/li><li>Escribir el\u00a0<em>Asunto<\/em>\u00a0y el\u00a0<em>Mensaje<\/em>\u00a0a enviar<\/li><li>Adjuntar alg\u00fan archivo si se desea<\/li><li>Hacer clic en el bot\u00f3n\u00a0<strong>Enviar<\/strong><\/li><\/ul>\t\t\t\t\t\t\t\t<\/div>\n\t\t\t\t<\/div>\n\t\t\t\t<div class=\"elementor-element elementor-element-83b404a elementor-widget elementor-widget-heading\" data-id=\"83b404a\" data-element_type=\"widget\" data-e-type=\"widget\" data-widget_type=\"heading.default\">\n\t\t\t\t<div class=\"elementor-widget-container\">\n\t\t\t\t\t<h2 class=\"elementor-heading-title elementor-size-default\">Editar mi perfil<\/h2>\t\t\t\t<\/div>\n\t\t\t\t<\/div>\n\t\t\t\t<div class=\"elementor-element elementor-element-2aee0b5 elementor-widget elementor-widget-text-editor\" data-id=\"2aee0b5\" data-element_type=\"widget\" data-e-type=\"widget\" data-widget_type=\"text-editor.default\">\n\t\t\t\t<div class=\"elementor-widget-container\">\n\t\t\t\t\t\t\t\t\t<p>Para editar tu perfil, una vez has iniciado sesi\u00f3n, en el panel de escritorio tienes que hacer clic en el bot\u00f3n\u00a0<b>Mis Datos<\/b>.<\/p><p><img decoding=\"async\" src=\"https:\/\/montesion.es\/images\/Educamos\/tutoriales\/editarperfil.jpeg\" alt=\"\" \/><\/p><p>A continuaci\u00f3n se abrir\u00e1 una p\u00e1gina con dos pesta\u00f1as:\u00a0<b>Datos personales, Datos familiares<\/b>\u00a0y\u00a0<b>Comunicaci\u00f3n con el centro<\/b><\/p><p>En la pesta\u00f1a\u00a0<b>Datos personales<\/b>\u00a0se pueden ver los datos personales pero no editar (a excepci\u00f3n del correo electr\u00f3nico), as\u00ed como los datos de direcci\u00f3n, foto de perfil y datos de acceso a la plataforma (usuario, contrase\u00f1a y pregunta de seguridad) que si podr\u00e1n cambiarse cuando se desee.<\/p><p><b>Recordamos: es importante indicar el email si a\u00fan no lo has hecho.<\/b><\/p><p>Al acabar de editar, basta con hacer clic en el bot\u00f3n\u00a0<b>Guardar y cerrar<\/b><\/p>\t\t\t\t\t\t\t\t<\/div>\n\t\t\t\t<\/div>\n\t\t\t\t<div class=\"elementor-element elementor-element-8971625 elementor-widget elementor-widget-heading\" data-id=\"8971625\" data-element_type=\"widget\" data-e-type=\"widget\" data-widget_type=\"heading.default\">\n\t\t\t\t<div class=\"elementor-widget-container\">\n\t\t\t\t\t<h2 class=\"elementor-heading-title elementor-size-default\">C\u00f3mo compruebo el perfil que tengo<\/h2>\t\t\t\t<\/div>\n\t\t\t\t<\/div>\n\t\t\t\t<div class=\"elementor-element elementor-element-1ee58ab elementor-widget elementor-widget-text-editor\" data-id=\"1ee58ab\" data-element_type=\"widget\" data-e-type=\"widget\" data-widget_type=\"text-editor.default\">\n\t\t\t\t<div class=\"elementor-widget-container\">\n\t\t\t\t\t\t\t\t\t<p>Para comprobar el perfil que tienes basta con hacer clic en tu nombre, localizado en la esquina superior derecha, una vez has iniciado sesi\u00f3n.<\/p><p>Ah\u00ed puedes comprobar el perfil asignado.<\/p><ul><li>Si eres un alumno, deber\u00edas tener perfil:\u00a0<strong>Alumno<\/strong>.<\/li><li>Si eres padre, madre o tutor, deber\u00edas tener perfil:\u00a0<strong>Padre o tutor.<\/strong><\/li><\/ul><p>Si no coincide con lo que deber\u00edas tener, est\u00e1s accediendo a una cuenta que no es la tuya. Ponte en contacto con\u00a0<span id=\"cloakc498e0dc40a445de37e97773125ce99a\"><a href=\"mailto:josellerena@montesion.es\">josellerena@montesion.es<\/a><\/span><\/p>\t\t\t\t\t\t\t\t<\/div>\n\t\t\t\t<\/div>\n\t\t\t\t<div class=\"elementor-element elementor-element-362d552 elementor-widget elementor-widget-heading\" data-id=\"362d552\" data-element_type=\"widget\" data-e-type=\"widget\" data-widget_type=\"heading.default\">\n\t\t\t\t<div class=\"elementor-widget-container\">\n\t\t\t\t\t<h2 class=\"elementor-heading-title elementor-size-default\">C\u00f3mo ver las notas<\/h2>\t\t\t\t<\/div>\n\t\t\t\t<\/div>\n\t\t\t\t<div class=\"elementor-element elementor-element-33b7517 elementor-widget elementor-widget-text-editor\" data-id=\"33b7517\" data-element_type=\"widget\" data-e-type=\"widget\" data-widget_type=\"text-editor.default\">\n\t\t\t\t<div class=\"elementor-widget-container\">\n\t\t\t\t\t\t\t\t\t<p>Haciendo click sobre el icono \u201c<strong>Calificaciones<\/strong>\u201d. Tr\u00e1s seleccionar la evaluaci\u00f3n o trimestre correspondiente se nos mostrar\u00e1 la lista de asignaturas que cursa as\u00ed como las notas de los ex\u00e1menes\u00a0si el profesor respectivo as\u00ed lo decide:\u00a0<strong>las notas de la evaluaci\u00f3n final de cada trimestre se publicar\u00e1n en una fecha determinada<\/strong>.<\/p><ul><li>Escribir el\u00a0<em>Asunto<\/em>\u00a0y el\u00a0<em>Mensaje<\/em>\u00a0a enviar<\/li><li>Adjuntar alg\u00fan archivo si se desea<\/li><li>Hacer clic en el bot\u00f3n\u00a0<strong>Enviar<\/strong><\/li><\/ul>\t\t\t\t\t\t\t\t<\/div>\n\t\t\t\t<\/div>\n\t\t\t\t<div class=\"elementor-element elementor-element-8c645a6 elementor-widget elementor-widget-heading\" data-id=\"8c645a6\" data-element_type=\"widget\" data-e-type=\"widget\" data-widget_type=\"heading.default\">\n\t\t\t\t<div class=\"elementor-widget-container\">\n\t\t\t\t\t<h2 class=\"elementor-heading-title elementor-size-default\">\u00bfQu\u00e9 debo hacer si se ha bloqueado mi cuenta?<\/h2>\t\t\t\t<\/div>\n\t\t\t\t<\/div>\n\t\t\t\t<div class=\"elementor-element elementor-element-8f2f80e elementor-widget elementor-widget-text-editor\" data-id=\"8f2f80e\" data-element_type=\"widget\" data-e-type=\"widget\" data-widget_type=\"text-editor.default\">\n\t\t\t\t<div class=\"elementor-widget-container\">\n\t\t\t\t\t\t\t\t\t<p>Si tu cuenta se ha bloqueado puede ser por 3 motivos:<\/p><ol><li>Has regenerado las claves y no has iniciado sesi\u00f3n en un plazo de 3 d\u00edas.<\/li><li>No ten\u00edas definida una pregunta y respuesta de seguridad<\/li><li>No ten\u00edas indicado ning\u00fan email personal en tu cuenta<\/li><\/ol><p>Puedes probar a\u00a0<a href=\"https:\/\/sso2.educamos.com\/RegenerarClave\/Inicio\" target=\"_blank\" rel=\"noopener\">regenerar las claves de acceso<\/a>. Se explica en una de las preguntas anteriores. Una vez consigas iniciar sesi\u00f3n aseg\u00farate de definir tu pregunta y respuesta de seguridad para que en caso de que se te bloquee la cuenta puedas recuperarla sin tener que recurrir a pedir soporte al colegio.<\/p>\t\t\t\t\t\t\t\t<\/div>\n\t\t\t\t<\/div>\n\t\t\t\t\t<\/div>\n\t\t<\/div>\n\t\t\t\t\t<\/div>\n\t\t<\/section>\n\t\t\t\t<\/div>\n\t\t","protected":false},"excerpt":{"rendered":"<p>Acceso EDUCAMOS ACCEDER A EDUCAMOS \u00bfMe pide una URL? \u00bfQu\u00e9 URL debo poner? La URL que exige la app es la URL de acceso al Educamos del colegio. En nuestro caso esa URL es:https:\/\/nsmontesion-torrente.educamos.comEsta URL tambi\u00e9n se facilita en el correo que se te envi\u00f3 con los datos de acceso (usuario y contrase\u00f1a) a la &#8230; <a title=\"Educamos\" class=\"read-more\" href=\"https:\/\/montesion.es\/index.php\/educamos\/\" aria-label=\"Leer m\u00e1s sobre Educamos\">Leer m\u00e1s<\/a><\/p>\n","protected":false},"author":3,"featured_media":0,"parent":0,"menu_order":0,"comment_status":"closed","ping_status":"closed","template":"","meta":{"_monsterinsights_skip_tracking":false,"_monsterinsights_sitenote_active":false,"_monsterinsights_sitenote_note":"","_monsterinsights_sitenote_category":0,"footnotes":""},"class_list":["post-1526","page","type-page","status-publish"],"_links":{"self":[{"href":"https:\/\/montesion.es\/index.php\/wp-json\/wp\/v2\/pages\/1526","targetHints":{"allow":["GET"]}}],"collection":[{"href":"https:\/\/montesion.es\/index.php\/wp-json\/wp\/v2\/pages"}],"about":[{"href":"https:\/\/montesion.es\/index.php\/wp-json\/wp\/v2\/types\/page"}],"author":[{"embeddable":true,"href":"https:\/\/montesion.es\/index.php\/wp-json\/wp\/v2\/users\/3"}],"replies":[{"embeddable":true,"href":"https:\/\/montesion.es\/index.php\/wp-json\/wp\/v2\/comments?post=1526"}],"version-history":[{"count":6,"href":"https:\/\/montesion.es\/index.php\/wp-json\/wp\/v2\/pages\/1526\/revisions"}],"predecessor-version":[{"id":1584,"href":"https:\/\/montesion.es\/index.php\/wp-json\/wp\/v2\/pages\/1526\/revisions\/1584"}],"wp:attachment":[{"href":"https:\/\/montesion.es\/index.php\/wp-json\/wp\/v2\/media?parent=1526"}],"curies":[{"name":"wp","href":"https:\/\/api.w.org\/{rel}","templated":true}]}}