{"id":1500,"date":"2021-04-15T14:53:15","date_gmt":"2021-04-15T14:53:15","guid":{"rendered":"https:\/\/montesion.es\/?page_id=1500"},"modified":"2025-02-10T18:37:45","modified_gmt":"2025-02-10T16:37:45","slug":"blog-2","status":"publish","type":"page","link":"https:\/\/montesion.es\/index.php\/blog-2\/","title":{"rendered":"BLOG"},"content":{"rendered":"\t\t<div data-elementor-type=\"wp-page\" data-elementor-id=\"1500\" class=\"elementor elementor-1500\" data-elementor-post-type=\"page\">\n\t\t\t\t\t\t<section class=\"elementor-section elementor-top-section elementor-element elementor-element-b71fdc5 elementor-section-boxed elementor-section-height-default elementor-section-height-default\" data-id=\"b71fdc5\" data-element_type=\"section\" data-e-type=\"section\" data-settings=\"{&quot;background_background&quot;:&quot;classic&quot;}\">\n\t\t\t\t\t\t\t<div class=\"elementor-background-overlay\"><\/div>\n\t\t\t\t\t\t\t<div class=\"elementor-container elementor-column-gap-default\">\n\t\t\t\t\t<div class=\"elementor-column elementor-col-100 elementor-top-column elementor-element elementor-element-1c17cfc\" data-id=\"1c17cfc\" data-element_type=\"column\" data-e-type=\"column\">\n\t\t\t<div class=\"elementor-widget-wrap elementor-element-populated\">\n\t\t\t\t\t\t<div class=\"elementor-element elementor-element-cf6dc0e elementor-widget elementor-widget-heading\" data-id=\"cf6dc0e\" data-element_type=\"widget\" data-e-type=\"widget\" data-widget_type=\"heading.default\">\n\t\t\t\t<div class=\"elementor-widget-container\">\n\t\t\t\t\t<h2 class=\"elementor-heading-title elementor-size-default\">NUESTRO BLOG<\/h2>\t\t\t\t<\/div>\n\t\t\t\t<\/div>\n\t\t\t\t\t<\/div>\n\t\t<\/div>\n\t\t\t\t\t<\/div>\n\t\t<\/section>\n\t\t\t\t<section class=\"elementor-section elementor-top-section elementor-element elementor-element-caabfda elementor-section-boxed elementor-section-height-default elementor-section-height-default\" data-id=\"caabfda\" data-element_type=\"section\" data-e-type=\"section\">\n\t\t\t\t\t\t<div class=\"elementor-container elementor-column-gap-default\">\n\t\t\t\t\t<div class=\"elementor-column elementor-col-100 elementor-top-column elementor-element elementor-element-2b0a1b7\" data-id=\"2b0a1b7\" data-element_type=\"column\" data-e-type=\"column\">\n\t\t\t<div class=\"elementor-widget-wrap elementor-element-populated\">\n\t\t\t\t\t\t<div class=\"elementor-element elementor-element-ad0d1ca elementor-grid-3 elementor-grid-tablet-2 elementor-grid-mobile-1 elementor-posts--thumbnail-top elementor-card-shadow-yes elementor-posts__hover-gradient elementor-widget elementor-widget-posts\" data-id=\"ad0d1ca\" data-element_type=\"widget\" data-e-type=\"widget\" data-settings=\"{&quot;pagination_type&quot;:&quot;prev_next&quot;,&quot;cards_columns&quot;:&quot;3&quot;,&quot;cards_columns_tablet&quot;:&quot;2&quot;,&quot;cards_columns_mobile&quot;:&quot;1&quot;,&quot;cards_row_gap&quot;:{&quot;unit&quot;:&quot;px&quot;,&quot;size&quot;:35,&quot;sizes&quot;:[]},&quot;cards_row_gap_tablet&quot;:{&quot;unit&quot;:&quot;px&quot;,&quot;size&quot;:&quot;&quot;,&quot;sizes&quot;:[]},&quot;cards_row_gap_mobile&quot;:{&quot;unit&quot;:&quot;px&quot;,&quot;size&quot;:&quot;&quot;,&quot;sizes&quot;:[]}}\" data-widget_type=\"posts.cards\">\n\t\t\t\t<div class=\"elementor-widget-container\">\n\t\t\t\t\t\t\t<div class=\"elementor-posts-container elementor-posts elementor-posts--skin-cards elementor-grid\">\n\t\t\t\t<article class=\"elementor-post elementor-grid-item post-5859 post type-post status-publish format-standard has-post-thumbnail hentry category-uncategorized\">\n\t\t\t<div class=\"elementor-post__card\">\n\t\t\t\t<a class=\"elementor-post__thumbnail__link\" href=\"https:\/\/montesion.es\/index.php\/en-el-col%c2%b7legi-ntra-sra-de-monte-sion-estem-denhorabona\/\" tabindex=\"-1\" ><div class=\"elementor-post__thumbnail\"><img fetchpriority=\"high\" decoding=\"async\" width=\"300\" height=\"200\" src=\"https:\/\/montesion.es\/wp-content\/uploads\/2026\/02\/mejor-colegio-torrent-300x200.jpeg\" class=\"attachment-medium size-medium wp-image-5860\" alt=\"\" srcset=\"https:\/\/montesion.es\/wp-content\/uploads\/2026\/02\/mejor-colegio-torrent-300x200.jpeg 300w, https:\/\/montesion.es\/wp-content\/uploads\/2026\/02\/mejor-colegio-torrent-1024x682.jpeg 1024w, https:\/\/montesion.es\/wp-content\/uploads\/2026\/02\/mejor-colegio-torrent-768x512.jpeg 768w, https:\/\/montesion.es\/wp-content\/uploads\/2026\/02\/mejor-colegio-torrent-1536x1023.jpeg 1536w, https:\/\/montesion.es\/wp-content\/uploads\/2026\/02\/mejor-colegio-torrent.jpeg 1600w\" sizes=\"(max-width: 300px) 100vw, 300px\" \/><\/div><\/a>\n\t\t\t\t<div class=\"elementor-post__badge\">Uncategorized<\/div>\n\t\t\t\t<div class=\"elementor-post__text\">\n\t\t\t\t<h3 class=\"elementor-post__title\">\n\t\t\t<a href=\"https:\/\/montesion.es\/index.php\/en-el-col%c2%b7legi-ntra-sra-de-monte-sion-estem-denhorabona\/\" >\n\t\t\t\tEN EL COL\u00b7LEGI NTRA. SRA. DE MONTE-SI\u00d3N ESTEM D\u2019ENHORABONA\t\t\t<\/a>\n\t\t<\/h3>\n\t\t\n\t\t<a class=\"elementor-post__read-more\" href=\"https:\/\/montesion.es\/index.php\/en-el-col%c2%b7legi-ntra-sra-de-monte-sion-estem-denhorabona\/\" aria-label=\"M\u00e1s informaci\u00f3n sobre EN EL COL\u00b7LEGI NTRA. SRA. DE MONTE-SI\u00d3N ESTEM D\u2019ENHORABONA\" tabindex=\"-1\" >\n\t\t\tLeer m\u00e1s\t\t<\/a>\n\n\t\t\t\t<\/div>\n\t\t\t\t<div class=\"elementor-post__meta-data\">\n\t\t\t\t\t<span class=\"elementor-post-date\">\n\t\t\t27 de febrero de 2026\t\t<\/span>\n\t\t\t\t<\/div>\n\t\t\t\t\t<\/div>\n\t\t<\/article>\n\t\t\t\t<article class=\"elementor-post elementor-grid-item post-5840 post type-post status-publish format-standard has-post-thumbnail hentry category-noticias category-bachillerato category-eso category-infantil category-primaria\">\n\t\t\t<div class=\"elementor-post__card\">\n\t\t\t\t<a class=\"elementor-post__thumbnail__link\" href=\"https:\/\/montesion.es\/index.php\/nuestro-cole-se-renueva-descubre-las-ultimas-mejoras\/\" tabindex=\"-1\" ><div class=\"elementor-post__thumbnail\"><img decoding=\"async\" width=\"300\" height=\"247\" src=\"https:\/\/montesion.es\/wp-content\/uploads\/2026\/02\/Captura-de-pantalla-2026-02-06-a-las-10.58.45-300x247.png\" class=\"attachment-medium size-medium wp-image-5843\" alt=\"\" srcset=\"https:\/\/montesion.es\/wp-content\/uploads\/2026\/02\/Captura-de-pantalla-2026-02-06-a-las-10.58.45-300x247.png 300w, https:\/\/montesion.es\/wp-content\/uploads\/2026\/02\/Captura-de-pantalla-2026-02-06-a-las-10.58.45-768x632.png 768w, https:\/\/montesion.es\/wp-content\/uploads\/2026\/02\/Captura-de-pantalla-2026-02-06-a-las-10.58.45.png 958w\" sizes=\"(max-width: 300px) 100vw, 300px\" \/><\/div><\/a>\n\t\t\t\t<div class=\"elementor-post__badge\">Noticias<\/div>\n\t\t\t\t<div class=\"elementor-post__text\">\n\t\t\t\t<h3 class=\"elementor-post__title\">\n\t\t\t<a href=\"https:\/\/montesion.es\/index.php\/nuestro-cole-se-renueva-descubre-las-ultimas-mejoras\/\" >\n\t\t\t\t\u00a1Nuestro Cole se Renueva! Descubre las \u00faltimas mejoras\t\t\t<\/a>\n\t\t<\/h3>\n\t\t\n\t\t<a class=\"elementor-post__read-more\" href=\"https:\/\/montesion.es\/index.php\/nuestro-cole-se-renueva-descubre-las-ultimas-mejoras\/\" aria-label=\"M\u00e1s informaci\u00f3n sobre \u00a1Nuestro Cole se Renueva! Descubre las \u00faltimas mejoras\" tabindex=\"-1\" >\n\t\t\tLeer m\u00e1s\t\t<\/a>\n\n\t\t\t\t<\/div>\n\t\t\t\t<div class=\"elementor-post__meta-data\">\n\t\t\t\t\t<span class=\"elementor-post-date\">\n\t\t\t6 de febrero de 2026\t\t<\/span>\n\t\t\t\t<\/div>\n\t\t\t\t\t<\/div>\n\t\t<\/article>\n\t\t\t\t<article class=\"elementor-post elementor-grid-item post-5682 post type-post status-publish format-standard has-post-thumbnail hentry category-noticias category-bachillerato tag-aemet tag-bachillerato\">\n\t\t\t<div class=\"elementor-post__card\">\n\t\t\t\t<a class=\"elementor-post__thumbnail__link\" href=\"https:\/\/montesion.es\/index.php\/visita-a-la-aemet-de-la-comunitat-valenciana\/\" tabindex=\"-1\" ><div class=\"elementor-post__thumbnail\"><img decoding=\"async\" width=\"300\" height=\"225\" src=\"https:\/\/montesion.es\/wp-content\/uploads\/2026\/01\/WhatsApp-Image-2025-12-18-at-07.33.44-300x225.jpeg\" class=\"attachment-medium size-medium wp-image-5686\" alt=\"\" srcset=\"https:\/\/montesion.es\/wp-content\/uploads\/2026\/01\/WhatsApp-Image-2025-12-18-at-07.33.44-300x225.jpeg 300w, https:\/\/montesion.es\/wp-content\/uploads\/2026\/01\/WhatsApp-Image-2025-12-18-at-07.33.44.jpeg 640w\" sizes=\"(max-width: 300px) 100vw, 300px\" \/><\/div><\/a>\n\t\t\t\t<div class=\"elementor-post__badge\">Noticias<\/div>\n\t\t\t\t<div class=\"elementor-post__text\">\n\t\t\t\t<h3 class=\"elementor-post__title\">\n\t\t\t<a href=\"https:\/\/montesion.es\/index.php\/visita-a-la-aemet-de-la-comunitat-valenciana\/\" >\n\t\t\t\tVisita a la AEMET de la Comunitat Valenciana\t\t\t<\/a>\n\t\t<\/h3>\n\t\t\n\t\t<a class=\"elementor-post__read-more\" href=\"https:\/\/montesion.es\/index.php\/visita-a-la-aemet-de-la-comunitat-valenciana\/\" aria-label=\"M\u00e1s informaci\u00f3n sobre Visita a la AEMET de la Comunitat Valenciana\" tabindex=\"-1\" >\n\t\t\tLeer m\u00e1s\t\t<\/a>\n\n\t\t\t\t<\/div>\n\t\t\t\t<div class=\"elementor-post__meta-data\">\n\t\t\t\t\t<span class=\"elementor-post-date\">\n\t\t\t22 de enero de 2026\t\t<\/span>\n\t\t\t\t<\/div>\n\t\t\t\t\t<\/div>\n\t\t<\/article>\n\t\t\t\t<article class=\"elementor-post elementor-grid-item post-5136 post type-post status-publish format-standard has-post-thumbnail hentry category-noticias category-infantil tag-aprendizaje tag-autonomia tag-infantil tag-lectoescritura\">\n\t\t\t<div class=\"elementor-post__card\">\n\t\t\t\t<a class=\"elementor-post__thumbnail__link\" href=\"https:\/\/montesion.es\/index.php\/estaciones-de-aprendizaje-para-la-lectoescritura-en-5-anos-fomentar-la-autonomia-desde-el-aula-y-el-hogar\/\" tabindex=\"-1\" ><div class=\"elementor-post__thumbnail\"><img loading=\"lazy\" decoding=\"async\" width=\"300\" height=\"194\" src=\"https:\/\/montesion.es\/wp-content\/uploads\/2025\/11\/Entrada-blog-300x194.png\" class=\"attachment-medium size-medium wp-image-5159\" alt=\"\" srcset=\"https:\/\/montesion.es\/wp-content\/uploads\/2025\/11\/Entrada-blog-300x194.png 300w, https:\/\/montesion.es\/wp-content\/uploads\/2025\/11\/Entrada-blog.png 710w\" sizes=\"(max-width: 300px) 100vw, 300px\" \/><\/div><\/a>\n\t\t\t\t<div class=\"elementor-post__badge\">Noticias<\/div>\n\t\t\t\t<div class=\"elementor-post__text\">\n\t\t\t\t<h3 class=\"elementor-post__title\">\n\t\t\t<a href=\"https:\/\/montesion.es\/index.php\/estaciones-de-aprendizaje-para-la-lectoescritura-en-5-anos-fomentar-la-autonomia-desde-el-aula-y-el-hogar\/\" >\n\t\t\t\tEstaciones de aprendizaje para la lectoescritura en 5 a\u00f1os: fomentar la autonom\u00eda desde el aula y el hogar\t\t\t<\/a>\n\t\t<\/h3>\n\t\t\n\t\t<a class=\"elementor-post__read-more\" href=\"https:\/\/montesion.es\/index.php\/estaciones-de-aprendizaje-para-la-lectoescritura-en-5-anos-fomentar-la-autonomia-desde-el-aula-y-el-hogar\/\" aria-label=\"M\u00e1s informaci\u00f3n sobre Estaciones de aprendizaje para la lectoescritura en 5 a\u00f1os: fomentar la autonom\u00eda desde el aula y el hogar\" tabindex=\"-1\" >\n\t\t\tLeer m\u00e1s\t\t<\/a>\n\n\t\t\t\t<\/div>\n\t\t\t\t<div class=\"elementor-post__meta-data\">\n\t\t\t\t\t<span class=\"elementor-post-date\">\n\t\t\t11 de noviembre de 2025\t\t<\/span>\n\t\t\t\t<\/div>\n\t\t\t\t\t<\/div>\n\t\t<\/article>\n\t\t\t\t<article class=\"elementor-post elementor-grid-item post-5189 post type-post status-publish format-standard has-post-thumbnail hentry category-bachillerato category-noticias\">\n\t\t\t<div class=\"elementor-post__card\">\n\t\t\t\t<a class=\"elementor-post__thumbnail__link\" href=\"https:\/\/montesion.es\/index.php\/encuentrate-en-tu-graduacion-de-infantil\/\" tabindex=\"-1\" ><div class=\"elementor-post__thumbnail\"><img loading=\"lazy\" decoding=\"async\" width=\"300\" height=\"212\" src=\"https:\/\/montesion.es\/wp-content\/uploads\/2025\/07\/banner-graduaciones-INFANTIL-300x212.jpg\" class=\"attachment-medium size-medium wp-image-5195\" alt=\"\" srcset=\"https:\/\/montesion.es\/wp-content\/uploads\/2025\/07\/banner-graduaciones-INFANTIL-300x212.jpg 300w, https:\/\/montesion.es\/wp-content\/uploads\/2025\/07\/banner-graduaciones-INFANTIL-768x543.jpg 768w, https:\/\/montesion.es\/wp-content\/uploads\/2025\/07\/banner-graduaciones-INFANTIL.jpg 842w\" sizes=\"(max-width: 300px) 100vw, 300px\" \/><\/div><\/a>\n\t\t\t\t<div class=\"elementor-post__badge\">Bachillerato<\/div>\n\t\t\t\t<div class=\"elementor-post__text\">\n\t\t\t\t<h3 class=\"elementor-post__title\">\n\t\t\t<a href=\"https:\/\/montesion.es\/index.php\/encuentrate-en-tu-graduacion-de-infantil\/\" >\n\t\t\t\tEncu\u00e9ntrate en tu graduaci\u00f3n de INFANTIL\t\t\t<\/a>\n\t\t<\/h3>\n\t\t\n\t\t<a class=\"elementor-post__read-more\" href=\"https:\/\/montesion.es\/index.php\/encuentrate-en-tu-graduacion-de-infantil\/\" aria-label=\"M\u00e1s informaci\u00f3n sobre Encu\u00e9ntrate en tu graduaci\u00f3n de INFANTIL\" tabindex=\"-1\" >\n\t\t\tLeer m\u00e1s\t\t<\/a>\n\n\t\t\t\t<\/div>\n\t\t\t\t<div class=\"elementor-post__meta-data\">\n\t\t\t\t\t<span class=\"elementor-post-date\">\n\t\t\t1 de julio de 2025\t\t<\/span>\n\t\t\t\t<\/div>\n\t\t\t\t\t<\/div>\n\t\t<\/article>\n\t\t\t\t<article class=\"elementor-post elementor-grid-item post-5085 post type-post status-publish format-standard has-post-thumbnail hentry category-noticias tag-certamen tag-literatura tag-premios tag-profesor\">\n\t\t\t<div class=\"elementor-post__card\">\n\t\t\t\t<a class=\"elementor-post__thumbnail__link\" href=\"https:\/\/montesion.es\/index.php\/certamen-literario-de-relato-breve-2025\/\" tabindex=\"-1\" ><div class=\"elementor-post__thumbnail\"><img loading=\"lazy\" decoding=\"async\" width=\"300\" height=\"224\" src=\"https:\/\/montesion.es\/wp-content\/uploads\/2025\/06\/WhatsApp-Image-2025-06-06-at-09.42.29-e1750188377388-300x224.jpeg\" class=\"attachment-medium size-medium wp-image-5089\" alt=\"\" srcset=\"https:\/\/montesion.es\/wp-content\/uploads\/2025\/06\/WhatsApp-Image-2025-06-06-at-09.42.29-e1750188377388-300x224.jpeg 300w, https:\/\/montesion.es\/wp-content\/uploads\/2025\/06\/WhatsApp-Image-2025-06-06-at-09.42.29-e1750188377388-1024x764.jpeg 1024w, https:\/\/montesion.es\/wp-content\/uploads\/2025\/06\/WhatsApp-Image-2025-06-06-at-09.42.29-e1750188377388-768x573.jpeg 768w, https:\/\/montesion.es\/wp-content\/uploads\/2025\/06\/WhatsApp-Image-2025-06-06-at-09.42.29-e1750188377388.jpeg 1173w\" sizes=\"(max-width: 300px) 100vw, 300px\" \/><\/div><\/a>\n\t\t\t\t<div class=\"elementor-post__badge\">Noticias<\/div>\n\t\t\t\t<div class=\"elementor-post__text\">\n\t\t\t\t<h3 class=\"elementor-post__title\">\n\t\t\t<a href=\"https:\/\/montesion.es\/index.php\/certamen-literario-de-relato-breve-2025\/\" >\n\t\t\t\tCertamen Literario de Relato Breve 2025\t\t\t<\/a>\n\t\t<\/h3>\n\t\t\n\t\t<a class=\"elementor-post__read-more\" href=\"https:\/\/montesion.es\/index.php\/certamen-literario-de-relato-breve-2025\/\" aria-label=\"M\u00e1s informaci\u00f3n sobre Certamen Literario de Relato Breve 2025\" tabindex=\"-1\" >\n\t\t\tLeer m\u00e1s\t\t<\/a>\n\n\t\t\t\t<\/div>\n\t\t\t\t<div class=\"elementor-post__meta-data\">\n\t\t\t\t\t<span class=\"elementor-post-date\">\n\t\t\t17 de junio de 2025\t\t<\/span>\n\t\t\t\t<\/div>\n\t\t\t\t\t<\/div>\n\t\t<\/article>\n\t\t\t\t<article class=\"elementor-post elementor-grid-item post-5055 post type-post status-publish format-standard has-post-thumbnail hentry category-noticias category-primaria tag-adai tag-excursion tag-infantil tag-parque\">\n\t\t\t<div class=\"elementor-post__card\">\n\t\t\t\t<a class=\"elementor-post__thumbnail__link\" href=\"https:\/\/montesion.es\/index.php\/multiaventura\/\" tabindex=\"-1\" ><div class=\"elementor-post__thumbnail\"><img loading=\"lazy\" decoding=\"async\" width=\"300\" height=\"207\" src=\"https:\/\/montesion.es\/wp-content\/uploads\/2025\/06\/MEJOR-COLEGIO-TORRENT-20-300x207.jpeg\" class=\"attachment-medium size-medium wp-image-5057\" alt=\"\" srcset=\"https:\/\/montesion.es\/wp-content\/uploads\/2025\/06\/MEJOR-COLEGIO-TORRENT-20-300x207.jpeg 300w, https:\/\/montesion.es\/wp-content\/uploads\/2025\/06\/MEJOR-COLEGIO-TORRENT-20-1024x708.jpeg 1024w, https:\/\/montesion.es\/wp-content\/uploads\/2025\/06\/MEJOR-COLEGIO-TORRENT-20-768x531.jpeg 768w, https:\/\/montesion.es\/wp-content\/uploads\/2025\/06\/MEJOR-COLEGIO-TORRENT-20-1536x1062.jpeg 1536w, https:\/\/montesion.es\/wp-content\/uploads\/2025\/06\/MEJOR-COLEGIO-TORRENT-20.jpeg 2048w\" sizes=\"(max-width: 300px) 100vw, 300px\" \/><\/div><\/a>\n\t\t\t\t<div class=\"elementor-post__badge\">Noticias<\/div>\n\t\t\t\t<div class=\"elementor-post__text\">\n\t\t\t\t<h3 class=\"elementor-post__title\">\n\t\t\t<a href=\"https:\/\/montesion.es\/index.php\/multiaventura\/\" >\n\t\t\t\tMULTIAVENTURA\t\t\t<\/a>\n\t\t<\/h3>\n\t\t\n\t\t<a class=\"elementor-post__read-more\" href=\"https:\/\/montesion.es\/index.php\/multiaventura\/\" aria-label=\"M\u00e1s informaci\u00f3n sobre MULTIAVENTURA\" tabindex=\"-1\" >\n\t\t\tLeer m\u00e1s\t\t<\/a>\n\n\t\t\t\t<\/div>\n\t\t\t\t<div class=\"elementor-post__meta-data\">\n\t\t\t\t\t<span class=\"elementor-post-date\">\n\t\t\t3 de junio de 2025\t\t<\/span>\n\t\t\t\t<\/div>\n\t\t\t\t\t<\/div>\n\t\t<\/article>\n\t\t\t\t<article class=\"elementor-post elementor-grid-item post-5043 post type-post status-publish format-standard has-post-thumbnail hentry category-noticias category-infantil tag-adai tag-excursion tag-infantil tag-parque\">\n\t\t\t<div class=\"elementor-post__card\">\n\t\t\t\t<a class=\"elementor-post__thumbnail__link\" href=\"https:\/\/montesion.es\/index.php\/paeque-adai\/\" tabindex=\"-1\" ><div class=\"elementor-post__thumbnail\"><img loading=\"lazy\" decoding=\"async\" width=\"225\" height=\"300\" src=\"https:\/\/montesion.es\/wp-content\/uploads\/2025\/05\/MEJOR-COLEGIO-TORRENT-1-225x300.jpeg\" class=\"attachment-medium size-medium wp-image-5045\" alt=\"\" srcset=\"https:\/\/montesion.es\/wp-content\/uploads\/2025\/05\/MEJOR-COLEGIO-TORRENT-1-225x300.jpeg 225w, https:\/\/montesion.es\/wp-content\/uploads\/2025\/05\/MEJOR-COLEGIO-TORRENT-1-768x1024.jpeg 768w, https:\/\/montesion.es\/wp-content\/uploads\/2025\/05\/MEJOR-COLEGIO-TORRENT-1-1152x1536.jpeg 1152w, https:\/\/montesion.es\/wp-content\/uploads\/2025\/05\/MEJOR-COLEGIO-TORRENT-1.jpeg 1200w\" sizes=\"(max-width: 225px) 100vw, 225px\" \/><\/div><\/a>\n\t\t\t\t<div class=\"elementor-post__badge\">Noticias<\/div>\n\t\t\t\t<div class=\"elementor-post__text\">\n\t\t\t\t<h3 class=\"elementor-post__title\">\n\t\t\t<a href=\"https:\/\/montesion.es\/index.php\/paeque-adai\/\" >\n\t\t\t\tParque Adai\t\t\t<\/a>\n\t\t<\/h3>\n\t\t\n\t\t<a class=\"elementor-post__read-more\" href=\"https:\/\/montesion.es\/index.php\/paeque-adai\/\" aria-label=\"M\u00e1s informaci\u00f3n sobre Parque Adai\" tabindex=\"-1\" >\n\t\t\tLeer m\u00e1s\t\t<\/a>\n\n\t\t\t\t<\/div>\n\t\t\t\t<div class=\"elementor-post__meta-data\">\n\t\t\t\t\t<span class=\"elementor-post-date\">\n\t\t\t20 de mayo de 2025\t\t<\/span>\n\t\t\t\t<\/div>\n\t\t\t\t\t<\/div>\n\t\t<\/article>\n\t\t\t\t<article class=\"elementor-post elementor-grid-item post-4992 post type-post status-publish format-standard has-post-thumbnail hentry category-noticias category-infantil tag-betera tag-excursion tag-infantil tag-senyals\">\n\t\t\t<div class=\"elementor-post__card\">\n\t\t\t\t<a class=\"elementor-post__thumbnail__link\" href=\"https:\/\/montesion.es\/index.php\/els-senyals-de-betera\/\" tabindex=\"-1\" ><div class=\"elementor-post__thumbnail\"><img loading=\"lazy\" decoding=\"async\" width=\"300\" height=\"225\" src=\"https:\/\/montesion.es\/wp-content\/uploads\/2025\/03\/MEJOR-COLEGIO-TORRENT-2-300x225.jpeg\" class=\"attachment-medium size-medium wp-image-4994\" alt=\"\" srcset=\"https:\/\/montesion.es\/wp-content\/uploads\/2025\/03\/MEJOR-COLEGIO-TORRENT-2-300x225.jpeg 300w, https:\/\/montesion.es\/wp-content\/uploads\/2025\/03\/MEJOR-COLEGIO-TORRENT-2-1024x768.jpeg 1024w, https:\/\/montesion.es\/wp-content\/uploads\/2025\/03\/MEJOR-COLEGIO-TORRENT-2-768x576.jpeg 768w, https:\/\/montesion.es\/wp-content\/uploads\/2025\/03\/MEJOR-COLEGIO-TORRENT-2-1536x1152.jpeg 1536w, https:\/\/montesion.es\/wp-content\/uploads\/2025\/03\/MEJOR-COLEGIO-TORRENT-2.jpeg 2000w\" sizes=\"(max-width: 300px) 100vw, 300px\" \/><\/div><\/a>\n\t\t\t\t<div class=\"elementor-post__badge\">Noticias<\/div>\n\t\t\t\t<div class=\"elementor-post__text\">\n\t\t\t\t<h3 class=\"elementor-post__title\">\n\t\t\t<a href=\"https:\/\/montesion.es\/index.php\/els-senyals-de-betera\/\" >\n\t\t\t\tEls senyals de B\u00e9tera\t\t\t<\/a>\n\t\t<\/h3>\n\t\t\n\t\t<a class=\"elementor-post__read-more\" href=\"https:\/\/montesion.es\/index.php\/els-senyals-de-betera\/\" aria-label=\"M\u00e1s informaci\u00f3n sobre Els senyals de B\u00e9tera\" tabindex=\"-1\" >\n\t\t\tLeer m\u00e1s\t\t<\/a>\n\n\t\t\t\t<\/div>\n\t\t\t\t<div class=\"elementor-post__meta-data\">\n\t\t\t\t\t<span class=\"elementor-post-date\">\n\t\t\t14 de marzo de 2025\t\t<\/span>\n\t\t\t\t<\/div>\n\t\t\t\t\t<\/div>\n\t\t<\/article>\n\t\t\t\t<\/div>\n\t\t\n\t\t\t\t<div class=\"e-load-more-anchor\" data-page=\"1\" data-max-page=\"6\" data-next-page=\"https:\/\/montesion.es\/index.php\/wp-json\/wp\/v2\/pages\/1500\/page\/2\/\"><\/div>\n\t\t\t\t<nav class=\"elementor-pagination\" aria-label=\"Paginaci\u00f3n\">\n\t\t\t<span class=\"page-numbers prev\">&laquo; Anterior<\/span>\n<a class=\"page-numbers next\" href=\"https:\/\/montesion.es\/index.php\/wp-json\/wp\/v2\/pages\/1500\/page\/2\/\">Siguiente &raquo;<\/a>\t\t<\/nav>\n\t\t\t\t\t\t<\/div>\n\t\t\t\t<\/div>\n\t\t\t\t\t<\/div>\n\t\t<\/div>\n\t\t\t\t\t<\/div>\n\t\t<\/section>\n\t\t\t\t<\/div>\n\t\t","protected":false},"excerpt":{"rendered":"<p>NUESTRO BLOG<\/p>\n","protected":false},"author":3,"featured_media":0,"parent":0,"menu_order":0,"comment_status":"closed","ping_status":"closed","template":"elementor_header_footer","meta":{"_monsterinsights_skip_tracking":false,"_monsterinsights_sitenote_active":false,"_monsterinsights_sitenote_note":"","_monsterinsights_sitenote_category":0,"footnotes":""},"class_list":["post-1500","page","type-page","status-publish","hentry"],"_links":{"self":[{"href":"https:\/\/montesion.es\/index.php\/wp-json\/wp\/v2\/pages\/1500","targetHints":{"allow":["GET"]}}],"collection":[{"href":"https:\/\/montesion.es\/index.php\/wp-json\/wp\/v2\/pages"}],"about":[{"href":"https:\/\/montesion.es\/index.php\/wp-json\/wp\/v2\/types\/page"}],"author":[{"embeddable":true,"href":"https:\/\/montesion.es\/index.php\/wp-json\/wp\/v2\/users\/3"}],"replies":[{"embeddable":true,"href":"https:\/\/montesion.es\/index.php\/wp-json\/wp\/v2\/comments?post=1500"}],"version-history":[{"count":14,"href":"https:\/\/montesion.es\/index.php\/wp-json\/wp\/v2\/pages\/1500\/revisions"}],"predecessor-version":[{"id":4959,"href":"https:\/\/montesion.es\/index.php\/wp-json\/wp\/v2\/pages\/1500\/revisions\/4959"}],"wp:attachment":[{"href":"https:\/\/montesion.es\/index.php\/wp-json\/wp\/v2\/media?parent=1500"}],"curies":[{"name":"wp","href":"https:\/\/api.w.org\/{rel}","templated":true}]}}