{"id":1449,"date":"2021-04-14T13:02:12","date_gmt":"2021-04-14T13:02:12","guid":{"rendered":"https:\/\/montesion.es\/?page_id=1449"},"modified":"2021-08-31T13:07:18","modified_gmt":"2021-08-31T11:07:18","slug":"apoyo-a-la-integracion","status":"publish","type":"page","link":"https:\/\/montesion.es\/index.php\/apoyo-a-la-integracion\/","title":{"rendered":"Apoyo a la Integraci\u00f3n"},"content":{"rendered":"\t\t<div data-elementor-type=\"wp-page\" data-elementor-id=\"1449\" class=\"elementor elementor-1449\" data-elementor-post-type=\"page\">\n\t\t\t\t\t\t<section class=\"elementor-section elementor-top-section elementor-element elementor-element-cc453c0 elementor-section-boxed elementor-section-height-default elementor-section-height-default\" data-id=\"cc453c0\" data-element_type=\"section\" data-e-type=\"section\">\n\t\t\t\t\t\t<div class=\"elementor-container elementor-column-gap-default\">\n\t\t\t\t\t<div class=\"elementor-column elementor-col-100 elementor-top-column elementor-element elementor-element-543406a\" data-id=\"543406a\" data-element_type=\"column\" data-e-type=\"column\">\n\t\t\t<div class=\"elementor-widget-wrap elementor-element-populated\">\n\t\t\t\t\t\t<div class=\"elementor-element elementor-element-af4a4e6 elementor-widget elementor-widget-heading\" data-id=\"af4a4e6\" data-element_type=\"widget\" data-e-type=\"widget\" data-widget_type=\"heading.default\">\n\t\t\t\t<div class=\"elementor-widget-container\">\n\t\t\t\t\t<h2 class=\"elementor-heading-title elementor-size-default\">Apoyo a la Integraci\u00f3n<\/h2>\t\t\t\t<\/div>\n\t\t\t\t<\/div>\n\t\t\t\t<div class=\"elementor-element elementor-element-7057ed1 elementor-widget elementor-widget-image\" data-id=\"7057ed1\" data-element_type=\"widget\" data-e-type=\"widget\" data-widget_type=\"image.default\">\n\t\t\t\t<div class=\"elementor-widget-container\">\n\t\t\t\t\t\t\t\t\t\t\t\t\t\t\t<img fetchpriority=\"high\" decoding=\"async\" width=\"1024\" height=\"291\" src=\"https:\/\/montesion.es\/wp-content\/uploads\/2021\/04\/gabinete-1024x291.jpg\" class=\"attachment-large size-large wp-image-1451\" alt=\"\" srcset=\"https:\/\/montesion.es\/wp-content\/uploads\/2021\/04\/gabinete-1024x291.jpg 1024w, https:\/\/montesion.es\/wp-content\/uploads\/2021\/04\/gabinete-300x85.jpg 300w, https:\/\/montesion.es\/wp-content\/uploads\/2021\/04\/gabinete-768x219.jpg 768w, https:\/\/montesion.es\/wp-content\/uploads\/2021\/04\/gabinete.jpg 1100w\" sizes=\"(max-width: 1024px) 100vw, 1024px\" \/>\t\t\t\t\t\t\t\t\t\t\t\t\t\t\t<\/div>\n\t\t\t\t<\/div>\n\t\t\t\t<div class=\"elementor-element elementor-element-fa3e3cb elementor-widget elementor-widget-text-editor\" data-id=\"fa3e3cb\" data-element_type=\"widget\" data-e-type=\"widget\" data-widget_type=\"text-editor.default\">\n\t\t\t\t<div class=\"elementor-widget-container\">\n\t\t\t\t\t\t\t\t\t<p>Disponemos de dos unidades de apoyo a la integraci\u00f3n atendidas por dos Maestras: Una de Educaci\u00f3n Especial, D\u00aa M\u00aa Jos\u00e9 G\u00f3mez Monedero, y otra, D\u00aa Mar\u00eda Mora Torrent, de Audici\u00f3n y Lenguaje.<\/p><p><strong>\u00bfQu\u00e9 es el aula de apoyo a la integraci\u00f3n?<\/strong><\/p><p>Es un aula donde pretendemos motivar, ilusionar y acompa\u00f1ar a los alumnos con necesidades educativas especiales para que consigan los objetivos curriculares de su nivel.<\/p><p>Un \u201daula viva\u201d en continua renovaci\u00f3n y dinamismo, que innova y trabaja conjuntamente con las familias y el resto de profesionales del centro.<\/p><p>Refleja nuestra pedagog\u00eda amigoniana basada en el amor, cercan\u00eda, alegr\u00eda, disponibilidad y conocimiento personalizado, buscando el desarrollo integral de cada uno de nuestros alumnos.<\/p><p><strong>\u00bfQu\u00e9 pretendemos?<\/strong><\/p><ul><li>Facilitar la integraci\u00f3n e inclusi\u00f3n de los alumnos en el aula.<\/li><li>Utilizar diferentes metodolog\u00edas, materiales y recursos, para ense\u00f1ar los contenidos curriculares de cada nivel.<\/li><li>Potenciar la innovaci\u00f3n metodol\u00f3gica en las aulas del centro, fomentando la formaci\u00f3n del profesorado.<\/li><li>Elaborar materiales curriculares bas\u00e1ndonos en la ley educativa vigente y desarrollar adaptaciones curriculares individualizadas<\/li><li>Elaboraci\u00f3n de programas de intervenci\u00f3n en el aula para prevenir dificultades o reforzar contenidos.<\/li><li>Desarrollar programas individualizados para los alumnos con dificultades en el lenguaje.<\/li><\/ul><p><strong>\u00bfQu\u00e9 hacemos?<\/strong><\/p><ul><li>Colaborar con el Gabinete Psicopedag\u00f3gico del centro, u otros profesionales, para la detecci\u00f3n y valoraci\u00f3n del alumnado con NEE.<\/li><li>Orientar a padres y tutores para facilitar el aprendizaje de los ni\u00f1@s.<\/li><li>Intervenir directamente con el alumnado con NEE en el desarrollo de los programas de intervenci\u00f3n individual.<\/li><li>Elaborar la programaci\u00f3n basada en las necesidades del alumno, ya sea dificultades de aprendizaje o en el lenguaje.<\/li><li>Dise\u00f1ar programas de intervenci\u00f3n destinados a mejorar la articulaci\u00f3n, retraso simple del lenguaje, dificultades de lecto \u2013 escritura\u2026<\/li><li>Coordinar junto al profesorado el seguimiento y la evaluaci\u00f3n del alumnado.<\/li><li>Informar trimestralmente a las familias la evoluci\u00f3n del alumno.<\/li><\/ul>\t\t\t\t\t\t\t\t<\/div>\n\t\t\t\t<\/div>\n\t\t\t\t\t<\/div>\n\t\t<\/div>\n\t\t\t\t\t<\/div>\n\t\t<\/section>\n\t\t\t\t<\/div>\n\t\t","protected":false},"excerpt":{"rendered":"<p>Apoyo a la Integraci\u00f3n Disponemos de dos unidades de apoyo a la integraci\u00f3n atendidas por dos Maestras: Una de Educaci\u00f3n Especial, D\u00aa M\u00aa Jos\u00e9 G\u00f3mez Monedero, y otra, D\u00aa Mar\u00eda Mora Torrent, de Audici\u00f3n y Lenguaje. \u00bfQu\u00e9 es el aula de apoyo a la integraci\u00f3n? Es un aula donde pretendemos motivar, ilusionar y acompa\u00f1ar a &#8230; <a title=\"Apoyo a la Integraci\u00f3n\" class=\"read-more\" href=\"https:\/\/montesion.es\/index.php\/apoyo-a-la-integracion\/\" aria-label=\"Leer m\u00e1s sobre Apoyo a la Integraci\u00f3n\">Leer m\u00e1s<\/a><\/p>\n","protected":false},"author":3,"featured_media":0,"parent":0,"menu_order":0,"comment_status":"closed","ping_status":"closed","template":"elementor_header_footer","meta":{"_monsterinsights_skip_tracking":false,"_monsterinsights_sitenote_active":false,"_monsterinsights_sitenote_note":"","_monsterinsights_sitenote_category":0,"footnotes":""},"class_list":["post-1449","page","type-page","status-publish"],"_links":{"self":[{"href":"https:\/\/montesion.es\/index.php\/wp-json\/wp\/v2\/pages\/1449","targetHints":{"allow":["GET"]}}],"collection":[{"href":"https:\/\/montesion.es\/index.php\/wp-json\/wp\/v2\/pages"}],"about":[{"href":"https:\/\/montesion.es\/index.php\/wp-json\/wp\/v2\/types\/page"}],"author":[{"embeddable":true,"href":"https:\/\/montesion.es\/index.php\/wp-json\/wp\/v2\/users\/3"}],"replies":[{"embeddable":true,"href":"https:\/\/montesion.es\/index.php\/wp-json\/wp\/v2\/comments?post=1449"}],"version-history":[{"count":3,"href":"https:\/\/montesion.es\/index.php\/wp-json\/wp\/v2\/pages\/1449\/revisions"}],"predecessor-version":[{"id":1453,"href":"https:\/\/montesion.es\/index.php\/wp-json\/wp\/v2\/pages\/1449\/revisions\/1453"}],"wp:attachment":[{"href":"https:\/\/montesion.es\/index.php\/wp-json\/wp\/v2\/media?parent=1449"}],"curies":[{"name":"wp","href":"https:\/\/api.w.org\/{rel}","templated":true}]}}