{"id":1252,"date":"2021-04-14T09:29:49","date_gmt":"2021-04-14T09:29:49","guid":{"rendered":"https:\/\/montesion.es\/?page_id=1252"},"modified":"2026-03-10T14:29:37","modified_gmt":"2026-03-10T12:29:37","slug":"elementor-1252","status":"publish","type":"page","link":"https:\/\/montesion.es\/index.php\/elementor-1252\/","title":{"rendered":"\u00d3rganos de Participaci\u00f3n y Gobierno"},"content":{"rendered":"\t\t<div data-elementor-type=\"wp-page\" data-elementor-id=\"1252\" class=\"elementor elementor-1252\" data-elementor-post-type=\"page\">\n\t\t\t\t\t\t<section class=\"elementor-section elementor-top-section elementor-element elementor-element-fe4c2d3 elementor-section-boxed elementor-section-height-default elementor-section-height-default\" data-id=\"fe4c2d3\" data-element_type=\"section\" data-e-type=\"section\">\n\t\t\t\t\t\t<div class=\"elementor-container elementor-column-gap-default\">\n\t\t\t\t\t<div class=\"elementor-column elementor-col-100 elementor-top-column elementor-element elementor-element-86b8f4f\" data-id=\"86b8f4f\" data-element_type=\"column\" data-e-type=\"column\">\n\t\t\t<div class=\"elementor-widget-wrap elementor-element-populated\">\n\t\t\t\t\t\t<div class=\"elementor-element elementor-element-90572de elementor-widget elementor-widget-heading\" data-id=\"90572de\" data-element_type=\"widget\" data-e-type=\"widget\" data-widget_type=\"heading.default\">\n\t\t\t\t<div class=\"elementor-widget-container\">\n\t\t\t\t\t<h2 class=\"elementor-heading-title elementor-size-default\">Equipo directivo<\/h2>\t\t\t\t<\/div>\n\t\t\t\t<\/div>\n\t\t\t\t<div class=\"elementor-element elementor-element-c05936f elementor-widget elementor-widget-heading\" data-id=\"c05936f\" data-element_type=\"widget\" data-e-type=\"widget\" data-widget_type=\"heading.default\">\n\t\t\t\t<div class=\"elementor-widget-container\">\n\t\t\t\t\t<h2 class=\"elementor-heading-title elementor-size-default\">DIRECTOR GENERAL<\/h2>\t\t\t\t<\/div>\n\t\t\t\t<\/div>\n\t\t\t\t<div class=\"elementor-element elementor-element-8807a9b elementor-widget elementor-widget-text-editor\" data-id=\"8807a9b\" data-element_type=\"widget\" data-e-type=\"widget\" data-widget_type=\"text-editor.default\">\n\t\t\t\t<div class=\"elementor-widget-container\">\n\t\t\t\t\t\t\t\t\t<p><strong>Director General:<\/strong> Santiago Planells Andreu montesion@montesion.es<\/p><p><strong>Administradora:\u00a0<\/strong><span style=\"font-family: var( --e-global-typography-text-font-family ), Sans-serif; caret-color: #54595f; color: #54595f; white-space: pre-wrap;\">Inma Segarra Arias &#8211; <\/span><span style=\"font-family: var( --e-global-typography-text-font-family ), Sans-serif; font-style: italic; caret-color: #54595f; color: #54595f; white-space: pre-wrap;\">administracion@montesion.es<\/span><\/p><p><span style=\"caret-color: #54595f; color: #54595f; white-space: pre-wrap;\"><strong>Responsable Titularidad: <\/strong>P. Jos\u00e9 Vicente Miguel March<\/span><\/p><p><strong style=\"caret-color: #54595f; color: #54595f; white-space: pre-wrap; font-family: var( --e-global-typography-text-font-family ), Sans-serif;\">Responsable Pastoral:<\/strong><span style=\"caret-color: #54595f; color: #54595f; white-space: pre-wrap; font-family: var( --e-global-typography-text-font-family ), Sans-serif;\"> Pepa Torrente Monchol\u00ed &#8211; <\/span><em style=\"caret-color: #54595f; color: #54595f; white-space: pre-wrap; font-family: var( --e-global-typography-text-font-family ), Sans-serif;\">responsablepastoral@montesion.es<\/em><\/p><p><span style=\"caret-color: #54595f; color: #54595f; white-space: pre-wrap;\"><strong>Directora Secundaria\/Bachillerato:<\/strong> Mayte Chust Andreu &#8211; <em>direccionsecundaria@montesion.es<\/em><\/span><\/p><p><span style=\"caret-color: #54595f; color: #54595f; white-space: pre-wrap;\"><strong>Jefe estudios Secundaria\/Bachillerato:<\/strong> <\/span><span style=\"color: #54595f;\"><span style=\"caret-color: #54595f; white-space: pre-wrap;\">Jos\u00e9 Llerena Mir &#8211; <em>jefaturaestudiossecundaria@montesion.es<\/em><\/span><\/span><\/p><p><span style=\"color: #54595f;\"><span style=\"caret-color: #54595f; white-space: pre-wrap;\"><strong>Director Infantil\/Primaria:<\/strong> <span style=\"caret-color: #54595f; color: #54595f; white-space: pre-wrap; font-family: var( --e-global-typography-text-font-family ), Sans-serif;\">Miriam Puig Hern\u00e1ndez<\/span> &#8211; <em>direccionprimaria@montesion.es<\/em><\/span><\/span><\/p><p><span style=\"color: #54595f;\"><span style=\"caret-color: #54595f; white-space: pre-wrap;\"><strong>Jefa estudios infantil\/Primaria:<\/strong> \u00d3scar Requena Piles &#8211; <em>jefaturestudiosprimaria@montesion.es<\/em><\/span><\/span><\/p>\t\t\t\t\t\t\t\t<\/div>\n\t\t\t\t<\/div>\n\t\t\t\t<div class=\"elementor-element elementor-element-17cf529 elementor-widget elementor-widget-heading\" data-id=\"17cf529\" data-element_type=\"widget\" data-e-type=\"widget\" data-widget_type=\"heading.default\">\n\t\t\t\t<div class=\"elementor-widget-container\">\n\t\t\t\t\t<h2 class=\"elementor-heading-title elementor-size-default\">PAS<\/h2>\t\t\t\t<\/div>\n\t\t\t\t<\/div>\n\t\t\t\t<div class=\"elementor-element elementor-element-91ec8cf elementor-widget elementor-widget-text-editor\" data-id=\"91ec8cf\" data-element_type=\"widget\" data-e-type=\"widget\" data-widget_type=\"text-editor.default\">\n\t\t\t\t<div class=\"elementor-widget-container\">\n\t\t\t\t\t\t\t\t\t<p><strong>Secretar\u00eda:<\/strong> M\u00aa Jos\u00e9 Cu\u00f1at Soriano &#8211; <em>secretaria@montesion.es<\/em><\/p><p><strong>Administraci\u00f3n\/Uniformes:<\/strong> Manu Almerich Garc\u00eda manuelalmerich@montesion.es (uniformes) \/ <em>comedor@montesion.es<\/em><\/p><p><strong>Porter\u00eda:<\/strong> Vicent Alcocer Puig<\/p><p><strong>Mantenimiento:<\/strong> Fernando Montesdeoca Regueiro<\/p>\t\t\t\t\t\t\t\t<\/div>\n\t\t\t\t<\/div>\n\t\t\t\t<div class=\"elementor-element elementor-element-d2c28fa elementor-widget elementor-widget-heading\" data-id=\"d2c28fa\" data-element_type=\"widget\" data-e-type=\"widget\" data-widget_type=\"heading.default\">\n\t\t\t\t<div class=\"elementor-widget-container\">\n\t\t\t\t\t<h2 class=\"elementor-heading-title elementor-size-default\">CONSEJO ESCOLAR<\/h2>\t\t\t\t<\/div>\n\t\t\t\t<\/div>\n\t\t\t\t<div class=\"elementor-element elementor-element-1f3b4ac elementor-widget elementor-widget-text-editor\" data-id=\"1f3b4ac\" data-element_type=\"widget\" data-e-type=\"widget\" data-widget_type=\"text-editor.default\">\n\t\t\t\t<div class=\"elementor-widget-container\">\n\t\t\t\t\t\t\t\t\t<p><strong>Presidente:<\/strong> D. Santi Planells Andreu<\/p>\n<p><strong>Secretaria:<\/strong> D\u00f1a. M\u00aa Jos\u00e9 Soriano Cu\u00f1at<\/p>\n<p><strong>Representantes de la titularidad:<\/strong> D. Santiago Planells Andreu, D. Jos\u00e9 Vicente Miguel March, D\u00f1a. Miriam Puig Hern\u00e1ndez y D\u00f1a. Mayte Chust Andreu.<\/p>\n<p><span style=\"font-weight: bold; color: var( --e-global-color-text ); font-family: var( --e-global-typography-text-font-family ), Sans-serif;\">Representantes del profesorado<\/span><strong>:<\/strong> D. Jorge Pi\u00f1ango Mart\u00ednez, D\u00f1a. M\u00f3nica Alejos Andreu, D\u00f1a. Pepa Chust Andreu y D\u00f1a. F\u00e1tima Rosillo Sanz.<\/p>\n<p><span style=\"color: var( --e-global-color-text ); font-family: var( --e-global-typography-text-font-family ), Sans-serif; font-weight: bold;\">Representantes del alumnado<\/span><span style=\"font-weight: bold;\">:<\/span> Ernesto Lerma Esparcia y Ainhoa Rodrigo Marcilla<\/p>\n<p><span style=\"color: var( --e-global-color-text ); font-family: var( --e-global-typography-text-font-family ), Sans-serif; font-weight: bold;\">Representante del AMPA<\/span><span style=\"font-weight: bold;\">:<\/span>&nbsp;D\u00f1a. Cecilia Piles Andreu<\/p>\n<p><span style=\"color: var( --e-global-color-text ); font-family: var( --e-global-typography-text-font-family ), Sans-serif; font-weight: bold;\">Representantes de las familias<\/span><span style=\"font-weight: bold;\">:<\/span> D\u00f1a. Beatriz Ort\u00ed Estigu\u00edn, D\u00f1a. Guadalupe Manj\u00f3n Rivero y D. Pedro J. Rodr\u00edguez Cant\u00f3.<\/p>\n<p>ACCEDE A LAS&nbsp;<a href=\"https:\/\/montesion.es\/index.php\/consejo-escolar\/\"><span style=\"color: var( --e-global-color-text ); font-family: var( --e-global-typography-text-font-family ), Sans-serif; font-weight: bold;\">ACTAS<\/span><\/a><\/p>\t\t\t\t\t\t\t\t<\/div>\n\t\t\t\t<\/div>\n\t\t\t\t\t<\/div>\n\t\t<\/div>\n\t\t\t\t\t<\/div>\n\t\t<\/section>\n\t\t\t\t<\/div>\n\t\t","protected":false},"excerpt":{"rendered":"<p>Equipo directivo DIRECTOR GENERAL Director General: Santiago Planells Andreu montesion@montesion.es Administradora:\u00a0Inma Segarra Arias &#8211; administracion@montesion.es Responsable Titularidad: P. Jos\u00e9 Vicente Miguel March Responsable Pastoral: Pepa Torrente Monchol\u00ed &#8211; responsablepastoral@montesion.es Directora Secundaria\/Bachillerato: Mayte Chust Andreu &#8211; direccionsecundaria@montesion.es Jefe estudios Secundaria\/Bachillerato: Jos\u00e9 Llerena Mir &#8211; jefaturaestudiossecundaria@montesion.es Director Infantil\/Primaria: Miriam Puig Hern\u00e1ndez &#8211; direccionprimaria@montesion.es Jefa estudios infantil\/Primaria: \u00d3scar &#8230; <a title=\"\u00d3rganos de Participaci\u00f3n y Gobierno\" class=\"read-more\" href=\"https:\/\/montesion.es\/index.php\/elementor-1252\/\" aria-label=\"Leer m\u00e1s sobre \u00d3rganos de Participaci\u00f3n y Gobierno\">Leer m\u00e1s<\/a><\/p>\n","protected":false},"author":3,"featured_media":0,"parent":0,"menu_order":0,"comment_status":"closed","ping_status":"closed","template":"elementor_header_footer","meta":{"_monsterinsights_skip_tracking":false,"_monsterinsights_sitenote_active":false,"_monsterinsights_sitenote_note":"","_monsterinsights_sitenote_category":0,"footnotes":""},"class_list":["post-1252","page","type-page","status-publish"],"_links":{"self":[{"href":"https:\/\/montesion.es\/index.php\/wp-json\/wp\/v2\/pages\/1252","targetHints":{"allow":["GET"]}}],"collection":[{"href":"https:\/\/montesion.es\/index.php\/wp-json\/wp\/v2\/pages"}],"about":[{"href":"https:\/\/montesion.es\/index.php\/wp-json\/wp\/v2\/types\/page"}],"author":[{"embeddable":true,"href":"https:\/\/montesion.es\/index.php\/wp-json\/wp\/v2\/users\/3"}],"replies":[{"embeddable":true,"href":"https:\/\/montesion.es\/index.php\/wp-json\/wp\/v2\/comments?post=1252"}],"version-history":[{"count":24,"href":"https:\/\/montesion.es\/index.php\/wp-json\/wp\/v2\/pages\/1252\/revisions"}],"predecessor-version":[{"id":5869,"href":"https:\/\/montesion.es\/index.php\/wp-json\/wp\/v2\/pages\/1252\/revisions\/5869"}],"wp:attachment":[{"href":"https:\/\/montesion.es\/index.php\/wp-json\/wp\/v2\/media?parent=1252"}],"curies":[{"name":"wp","href":"https:\/\/api.w.org\/{rel}","templated":true}]}}