{"id":1171,"date":"2021-03-25T09:48:43","date_gmt":"2021-03-25T09:48:43","guid":{"rendered":"https:\/\/montesion.es\/?page_id=1171"},"modified":"2021-08-31T13:07:20","modified_gmt":"2021-08-31T11:07:20","slug":"mediacion","status":"publish","type":"page","link":"https:\/\/montesion.es\/index.php\/mediacion\/","title":{"rendered":"Mediaci\u00f3n escolar"},"content":{"rendered":"\t\t<div data-elementor-type=\"wp-page\" data-elementor-id=\"1171\" class=\"elementor elementor-1171\" data-elementor-post-type=\"page\">\n\t\t\t\t\t\t<section class=\"elementor-section elementor-top-section elementor-element elementor-element-345b9510 elementor-section-height-min-height elementor-section-boxed elementor-section-height-default elementor-section-items-middle\" data-id=\"345b9510\" data-element_type=\"section\" data-e-type=\"section\" data-settings=\"{&quot;background_background&quot;:&quot;classic&quot;}\">\n\t\t\t\t\t\t\t<div class=\"elementor-background-overlay\"><\/div>\n\t\t\t\t\t\t\t<div class=\"elementor-container elementor-column-gap-default\">\n\t\t\t\t\t<div class=\"elementor-column elementor-col-100 elementor-top-column elementor-element elementor-element-6caaf18d\" data-id=\"6caaf18d\" data-element_type=\"column\" data-e-type=\"column\">\n\t\t\t<div class=\"elementor-widget-wrap elementor-element-populated\">\n\t\t\t\t\t\t<div class=\"elementor-element elementor-element-2b78b1e7 text-center elementor-invisible elementor-widget elementor-widget-tp-heading-title\" data-id=\"2b78b1e7\" data-element_type=\"widget\" data-e-type=\"widget\" data-settings=\"{&quot;_animation&quot;:&quot;lightSpeedIn&quot;}\" data-widget_type=\"tp-heading-title.default\">\n\t\t\t\t<div class=\"elementor-widget-container\">\n\t\t\t\t\t<div class=\"heading heading_style heading_style69d3c73e2e21e style-1 \"  data-tp-gsap-heading-text=\"\" data-tp-gsap-sub-heading-text=\"\"><div class=\"sub-style\" ><div class=\"head-title \" > <h1  class=\"heading-title   \"  data-hover=\"MEDIACI\u00d3N\">MEDIACI\u00d3N<span class=\"title-s \"> ESCOLAR <\/span><\/h1><\/div><\/div><\/div>\t\t\t\t<\/div>\n\t\t\t\t<\/div>\n\t\t\t\t\t<\/div>\n\t\t<\/div>\n\t\t\t\t\t<\/div>\n\t\t<\/section>\n\t\t\t\t<section class=\"elementor-section elementor-top-section elementor-element elementor-element-28461be5 elementor-section-boxed elementor-section-height-default elementor-section-height-default\" data-id=\"28461be5\" data-element_type=\"section\" data-e-type=\"section\">\n\t\t\t\t\t\t<div class=\"elementor-container elementor-column-gap-default\">\n\t\t\t\t\t<div class=\"elementor-column elementor-col-100 elementor-top-column elementor-element elementor-element-63b1e455\" data-id=\"63b1e455\" data-element_type=\"column\" data-e-type=\"column\">\n\t\t\t<div class=\"elementor-widget-wrap elementor-element-populated\">\n\t\t\t\t\t\t<section class=\"elementor-section elementor-inner-section elementor-element elementor-element-70e12099 elementor-section-boxed elementor-section-height-default elementor-section-height-default\" data-id=\"70e12099\" data-element_type=\"section\" data-e-type=\"section\">\n\t\t\t\t\t\t<div class=\"elementor-container elementor-column-gap-extended\">\n\t\t\t\t\t<div class=\"elementor-column elementor-col-50 elementor-inner-column elementor-element elementor-element-ab4e90f\" data-id=\"ab4e90f\" data-element_type=\"column\" data-e-type=\"column\">\n\t\t\t<div class=\"elementor-widget-wrap\">\n\t\t\t\t\t\t\t<\/div>\n\t\t<\/div>\n\t\t\t\t<div class=\"elementor-column elementor-col-50 elementor-inner-column elementor-element elementor-element-5e005358\" data-id=\"5e005358\" data-element_type=\"column\" data-e-type=\"column\">\n\t\t\t<div class=\"elementor-widget-wrap elementor-element-populated\">\n\t\t\t\t\t\t<div class=\"elementor-element elementor-element-4bef3dbb elementor-invisible elementor-widget elementor-widget-text-editor\" data-id=\"4bef3dbb\" data-element_type=\"widget\" data-e-type=\"widget\" data-settings=\"{&quot;_animation&quot;:&quot;slideInLeft&quot;}\" data-widget_type=\"text-editor.default\">\n\t\t\t\t<div class=\"elementor-widget-container\">\n\t\t\t\t\t\t\t\t\t<p>En el colegio apostamos por la mediaci\u00f3n puesto que es una propuesta educativa comprometida con el desarrollo integral de la persona, de su capacidad de vivir con autonom\u00eda y con solidaridad.<\/p><ul><li>En 1\u00ba y 2\u00ba de primaria utilizamos el rinc\u00f3n del di\u00e1logo como medio de resoluci\u00f3n de conflictos.<\/li><li>Se realiza un taller de habilidades sociales y gesti\u00f3n de emociones para los alumnos de 3\u00ba y 4\u00ba de Primaria. Cuyo objetivo es realizar unacercamiento a\u00a0qu\u00e9 y cu\u00e1les son las emociones,\u00a0como identificar y conocer en s\u00ed mismos sus emociones,\u00a0as\u00ed como las estrategias para conseguir una gesti\u00f3n \u00f3ptima de las mismas.<\/li><li>En el tiempo de recreo contamos con un espacio, rinc\u00f3n del di\u00e1logo, para resolver posibles conflictos que se puedan ocasionar en el patio.<\/li><li>Se crea un grupo de alumnos ayudantes desde 5\u00ba de Primaria hasta 4\u00ba de Secundaria. Se les forma a trav\u00e9s de un programa espec\u00edfico, para que los alumnos ayuden a prevenir y localizar los conflictos escolares.<\/li><li>Contamos con un grupo de padres delegados. Seleccionados en cada uno de los grupos de infantil, primaria y secundaria. El objetivo es de fomentar su implicaci\u00f3n en la mejora de la convivencia y facilitar la comunicaci\u00f3n entre las familias y el centro escolar.<\/li><\/ul>\t\t\t\t\t\t\t\t<\/div>\n\t\t\t\t<\/div>\n\t\t\t\t\t<\/div>\n\t\t<\/div>\n\t\t\t\t\t<\/div>\n\t\t<\/section>\n\t\t\t\t\t<\/div>\n\t\t<\/div>\n\t\t\t\t\t<\/div>\n\t\t<\/section>\n\t\t\t\t<section class=\"elementor-section elementor-top-section elementor-element elementor-element-196d7b3b elementor-section-boxed elementor-section-height-default elementor-section-height-default\" data-id=\"196d7b3b\" data-element_type=\"section\" data-e-type=\"section\" data-settings=\"{&quot;background_background&quot;:&quot;classic&quot;}\">\n\t\t\t\t\t\t<div class=\"elementor-container elementor-column-gap-default\">\n\t\t\t\t\t<div class=\"elementor-column elementor-col-100 elementor-top-column elementor-element elementor-element-2985652\" data-id=\"2985652\" data-element_type=\"column\" data-e-type=\"column\">\n\t\t\t<div class=\"elementor-widget-wrap elementor-element-populated\">\n\t\t\t\t\t\t<section class=\"elementor-section elementor-inner-section elementor-element elementor-element-39a5db23 elementor-section-boxed elementor-section-height-default elementor-section-height-default\" data-id=\"39a5db23\" data-element_type=\"section\" data-e-type=\"section\">\n\t\t\t\t\t\t<div class=\"elementor-container elementor-column-gap-extended\">\n\t\t\t\t\t<div class=\"elementor-column elementor-col-50 elementor-inner-column elementor-element elementor-element-6b7840f8\" data-id=\"6b7840f8\" data-element_type=\"column\" data-e-type=\"column\">\n\t\t\t<div class=\"elementor-widget-wrap elementor-element-populated\">\n\t\t\t\t\t\t<div class=\"elementor-element elementor-element-36ec4ef1 elementor-invisible elementor-widget elementor-widget-text-editor\" data-id=\"36ec4ef1\" data-element_type=\"widget\" data-e-type=\"widget\" data-settings=\"{&quot;_animation&quot;:&quot;slideInLeft&quot;}\" data-widget_type=\"text-editor.default\">\n\t\t\t\t<div class=\"elementor-widget-container\">\n\t\t\t\t\t\t\t\t\t<p>\u00a0<\/p><p>En el colegio apostamos por la mediaci\u00f3n puesto que es una propuesta educativa comprometida con el desarrollo integral de la persona, de su capacidad de vivir con autonom\u00eda y con solidaridad.<\/p><p>Es una forma de resolver conflictos entre dos o m\u00e1s personas con la ayuda de una tercera persona imparcial, el mediador, que es el que regula el proceso de comunicaci\u00f3n hacia una posible soluci\u00f3n que satisfaga las necesidades de las partes en conflicto.<\/p><p>De este modo trabajamos la prevenci\u00f3n y resoluci\u00f3n de conflictos desde un MODELO INTEGRADO. Tratamos de que las partes implicadas resuelvan de manera satisfactoria y duradera sus desencuentros, logr\u00e1ndose un clima escolar sano y propicio para el crecimiento integral de la persona.<\/p>\t\t\t\t\t\t\t\t<\/div>\n\t\t\t\t<\/div>\n\t\t\t\t\t<\/div>\n\t\t<\/div>\n\t\t\t\t<div class=\"elementor-column elementor-col-50 elementor-inner-column elementor-element elementor-element-972a574\" data-id=\"972a574\" data-element_type=\"column\" data-e-type=\"column\">\n\t\t\t<div class=\"elementor-widget-wrap\">\n\t\t\t\t\t\t\t<\/div>\n\t\t<\/div>\n\t\t\t\t\t<\/div>\n\t\t<\/section>\n\t\t\t\t\t<\/div>\n\t\t<\/div>\n\t\t\t\t\t<\/div>\n\t\t<\/section>\n\t\t\t\t<\/div>\n\t\t","protected":false},"excerpt":{"rendered":"<p>MEDIACI\u00d3N ESCOLAR En el colegio apostamos por la mediaci\u00f3n puesto que es una propuesta educativa comprometida con el desarrollo integral de la persona, de su capacidad de vivir con autonom\u00eda y con solidaridad. En 1\u00ba y 2\u00ba de primaria utilizamos el rinc\u00f3n del di\u00e1logo como medio de resoluci\u00f3n de conflictos. Se realiza un taller de &#8230; <a title=\"Mediaci\u00f3n escolar\" class=\"read-more\" href=\"https:\/\/montesion.es\/index.php\/mediacion\/\" aria-label=\"Leer m\u00e1s sobre Mediaci\u00f3n escolar\">Leer m\u00e1s<\/a><\/p>\n","protected":false},"author":3,"featured_media":0,"parent":0,"menu_order":0,"comment_status":"closed","ping_status":"closed","template":"elementor_header_footer","meta":{"_monsterinsights_skip_tracking":false,"_monsterinsights_sitenote_active":false,"_monsterinsights_sitenote_note":"","_monsterinsights_sitenote_category":0,"footnotes":""},"class_list":["post-1171","page","type-page","status-publish"],"_links":{"self":[{"href":"https:\/\/montesion.es\/index.php\/wp-json\/wp\/v2\/pages\/1171","targetHints":{"allow":["GET"]}}],"collection":[{"href":"https:\/\/montesion.es\/index.php\/wp-json\/wp\/v2\/pages"}],"about":[{"href":"https:\/\/montesion.es\/index.php\/wp-json\/wp\/v2\/types\/page"}],"author":[{"embeddable":true,"href":"https:\/\/montesion.es\/index.php\/wp-json\/wp\/v2\/users\/3"}],"replies":[{"embeddable":true,"href":"https:\/\/montesion.es\/index.php\/wp-json\/wp\/v2\/comments?post=1171"}],"version-history":[{"count":4,"href":"https:\/\/montesion.es\/index.php\/wp-json\/wp\/v2\/pages\/1171\/revisions"}],"predecessor-version":[{"id":1181,"href":"https:\/\/montesion.es\/index.php\/wp-json\/wp\/v2\/pages\/1171\/revisions\/1181"}],"wp:attachment":[{"href":"https:\/\/montesion.es\/index.php\/wp-json\/wp\/v2\/media?parent=1171"}],"curies":[{"name":"wp","href":"https:\/\/api.w.org\/{rel}","templated":true}]}}