{"id":1031,"date":"2020-03-15T16:57:07","date_gmt":"2020-03-15T16:57:07","guid":{"rendered":"https:\/\/montesion.es\/?page_id=1031"},"modified":"2020-03-15T16:57:08","modified_gmt":"2020-03-15T16:57:08","slug":"politica-de-cookies","status":"publish","type":"page","link":"https:\/\/montesion.es\/index.php\/politica-de-cookies\/","title":{"rendered":"Pol\u00edtica de cookies"},"content":{"rendered":"\n<p>Este sitio web, al igual que la mayor\u00eda de los sitios en Internet, usa Cookies para mejorar y optimizar la experiencia del usuario.<\/p>\n\n\n\n<p>A continuaci\u00f3n, encontrar\u00e1 informaci\u00f3n detallada sobre qu\u00e9 son las Cookies, qu\u00e9 tipo de Cookies utiliza este sitio web, c\u00f3mo puede desactivarlas en su navegador y c\u00f3mo bloquear espec\u00edficamente la instalaci\u00f3n de Cookies de terceros.<\/p>\n\n\n\n<ol class=\"wp-block-list\"><li><strong>\u00bfQu\u00e9 son las Cookies?<\/strong><\/li><\/ol>\n\n\n\n<p>Las&nbsp;<strong>Cookies<\/strong>&nbsp;son archivos que los sitios web o las aplicaciones instalan en el navegador o en el dispositivo (por ejemplo; smartphone, tablet o televisi\u00f3n conectada) del usuario durante su recorrido por las p\u00e1ginas del sitio o por la aplicaci\u00f3n, y sirven para almacenar informaci\u00f3n sobre su visita.<\/p>\n\n\n\n<p>Como la mayor\u00eda de los sitios en internet, este sitio web utiliza&nbsp;<strong>Cookies<\/strong>&nbsp;para:<\/p>\n\n\n\n<ul class=\"wp-block-list\"><li>Asegurar que las p\u00e1ginas web pueden funcionar correctamente.<\/li><li>Almacenar las preferencias, como el idioma que ha seleccionado o el tama\u00f1o de letra.<\/li><li>Conocer la experiencia de navegaci\u00f3n del usuario.<\/li><li>Recopilar informaci\u00f3n estad\u00edstica an\u00f3nima, como qu\u00e9 p\u00e1ginas ha visitado el usuario o cu\u00e1nto tiempo ha permanecido en el sitio web.<\/li><\/ul>\n\n\n\n<p>El uso de&nbsp;<strong>Cookies<\/strong>&nbsp;permite optimizar la navegaci\u00f3n, adaptando la informaci\u00f3n y los servicios ofrecidos a los intereses del usuario, para proporcionarle una mejor experiencia siempre que visita el sitio web.<\/p>\n\n\n\n<p>Este sitio web utiliza&nbsp;<strong>Cookies<\/strong>&nbsp;para funcionar, adaptar y facilitar al m\u00e1ximo la navegaci\u00f3n del usuario.<\/p>\n\n\n\n<ol class=\"wp-block-list\"><li><strong>Tipolog\u00eda, finalidad y funcionamiento<\/strong><\/li><\/ol>\n\n\n\n<p>Las&nbsp;<strong>Cookies<\/strong>, en funci\u00f3n de su permanencia, pueden dividirse en&nbsp;<strong>cookies de sesi\u00f3n<\/strong>&nbsp;o&nbsp;<strong>permanentes<\/strong>. Las primeras expiran cuando el usuario cierra el navegador. Las segundas expiran cuando se cumple el objetivo para el que sirven (por ejemplo, para que el usuario se mantenga identificado en el sitio web) o bien cuando se borran manualmente.<\/p>\n\n\n\n<p>Adicionalmente,&nbsp;<strong>en funci\u00f3n de su objetivo<\/strong>, las&nbsp;<strong>Cookies<\/strong>&nbsp;pueden clasificarse de la siguiente forma:<\/p>\n\n\n\n<ul class=\"wp-block-list\"><li><strong>Estrictamente necesarias (t\u00e9cnicas)<\/strong>: Son aquellas imprescindibles para el correcto funcionamiento de la p\u00e1gina. Normalmente se generan cuando el usuario accede al sitio web o inicia sesi\u00f3n en el mismo y se utilizan para identificarle en el sitio web con los siguientes objetivos:<\/li><li>Mantener al usuario identificado de forma que, si abandona el sitio web, el navegador o el dispositivo y en otro momento vuelve a acceder a dicho sitio web, seguir\u00e1 identificado, facilitando as\u00ed su navegaci\u00f3n sin tener que volver a identificarse.<\/li><li>Comprobar si el usuario est\u00e1 autorizado para acceder a ciertos servicios o zonas del sitio web.<\/li><li><strong>De rendimiento<\/strong>: Se utilizan para mejorar la experiencia de navegaci\u00f3n y optimizar el funcionamiento del sitio web, como, por ejemplo, almacenar las configuraciones de servicios, o almacenar la compra realizada en un carrito de la compra.<\/li><li><strong>De publicidad<\/strong>: Son aquellas que recaban informaci\u00f3n sobre los anuncios mostrados a los usuarios del sitio web. Pueden ser de dos tipos:<\/li><li><strong>An\u00f3nimas:<\/strong>&nbsp;Solo recopilan informaci\u00f3n sobre los espacios publicitarios mostrados en el sitio web, con independencia del usuario que accede al sitio web, es decir, sin identificarle expresamente.<\/li><li><strong>Personalizadas:<\/strong>&nbsp;Recopilan informaci\u00f3n personal del usuario del sitio web por parte de un tercero, para la personalizaci\u00f3n de dichos espacios publicitarios.<\/li><li><strong>De geo-localizaci\u00f3n<\/strong>: Estas Cookies se utilizan para averiguar en qu\u00e9 pa\u00eds o regi\u00f3n se encuentra el usuario cuando accede a un servicio del sitio web con el fin de ofrecerle contenidos o servicios adecuados a su localizaci\u00f3n.<\/li><li><strong>De anal\u00edticas<\/strong>: Recopilan informaci\u00f3n sobre la experiencia de navegaci\u00f3n del usuario en el sitio web, normalmente de forma an\u00f3nima, aunque en ocasiones tambi\u00e9n permiten identificar de manera \u00fanica e inequ\u00edvoca al usuario con el fin de obtener informes sobre los intereses de los usuarios en los servicios que ofrece el sitio web.<\/li><\/ul>\n\n\n\n<ol class=\"wp-block-list\"><li><strong>Cookies utilizadas en este sitio web<\/strong><\/li><\/ol>\n\n\n\n<p>A continuaci\u00f3n, se muestra una tabla con las&nbsp;<strong>Cookies<\/strong>&nbsp;utilizadas en este sitio web, incorporando un criterio de \u00abnivel de intrusividad\u00bb apoyado en una escala del 1 al 3, en la que:<\/p>\n\n\n\n<p><strong>Nivel 1<\/strong>: se corresponde con&nbsp;<strong>Cookies estrictamente necesarias<\/strong>&nbsp;para la prestaci\u00f3n del propio servicio solicitado por el usuario.<\/p>\n\n\n\n<p><strong>Nivel 2<\/strong>: se corresponde con&nbsp;<strong>Cookies de rendimiento<\/strong>&nbsp;(an\u00f3nimas) necesarias para el mantenimiento de contenidos y navegaci\u00f3n, de las que solo es necesario informar sobre su existencia.<\/p>\n\n\n\n<p><strong>Nivel 3<\/strong>: se corresponde con&nbsp;<strong>Cookies gestionadas por terceros<\/strong>&nbsp;que permiten el seguimiento del usuario a trav\u00e9s de webs de las que&nbsp;<strong>COLEGIO NTRA. SRA. DE MONTE-SI\u00d3N&nbsp;<\/strong>no es titular. Normalmente se corresponden con&nbsp;<strong>Cookies de publicidad<\/strong>&nbsp;o de anal\u00edticas donde se identifica al usuario de manera \u00fanica y evidente.<\/p>\n\n\n\n<p><strong>Cookies utilizadas:<\/strong><\/p>\n\n\n\n<p><strong>Cookieaccept<\/strong>.&nbsp;<strong>Duraci\u00f3n<\/strong>: 1 a\u00f1o.&nbsp;<strong>Porp\u00f3sito<\/strong>: Informa si se ha aceptado la pol\u00edtica de cookies.&nbsp;&nbsp; &nbsp;<br><strong>32 d\u00edgitos hexadecimales aleatorios.<\/strong>&nbsp;<strong>Duraci\u00f3n<\/strong>: La sesi\u00f3n activa.&nbsp;<strong>Porp\u00f3sito<\/strong>: Estad\u00edstica de usuarios simult\u00e1neos en la web&nbsp;&nbsp; &nbsp;<br><strong>gstatic.com NID.<\/strong>&nbsp;<strong>Duraci\u00f3n<\/strong>: 1 mes.&nbsp;<strong>Porp\u00f3sito<\/strong>: La cookie NID contiene un ID \u00fanico que Google utiliza para recordar tus preferencias y otra informaci\u00f3n, como tu idioma preferido (por ejemplo, el espa\u00f1ol), el n\u00famero de resultados de b\u00fasqueda que quieres que se muestren por p\u00e1gina (por ejemplo, 10 o 20) y si quieres que el filtro SafeSearch de Google est\u00e9 activado o desactivado.<\/p>\n\n\n\n<ol class=\"wp-block-list\"><li><strong>Google Analytics<\/strong><\/li><\/ol>\n\n\n\n<p>Esta p\u00e1gina web utiliza Google Analytics, un servicio anal\u00edtico de web prestado por Google, Inc., una compa\u00f1\u00eda de Delaware cuya oficina principal est\u00e1 en 1600 Amphitheatre Parkway, Mountain View (California), CA 94043, Estados Unidos (\u201cGoogle\u201d).<\/p>\n\n\n\n<p>Google Analytics utiliza \u201ccookies\u201d, que son archivos de texto ubicados en su ordenador, para ayudar al website a analizar el uso que hacen los usuarios del sitio web. La informaci\u00f3n que genera la cookie acerca de su uso del website (incluyendo su direcci\u00f3n IP) ser\u00e1 directamente transmitida y archivada por Google en los servidores de Estados Unidos. Google usar\u00e1 esta informaci\u00f3n por cuenta nuestra con el prop\u00f3sito de seguir la pista de su uso del website, recopilando informes de la actividad del website y prestando otros servicios relacionados con la actividad del website y el uso de Internet. Google podr\u00e1 transmitir dicha informaci\u00f3n a terceros cuando as\u00ed se lo requiera la legislaci\u00f3n, o cuando dichos terceros procesen la informaci\u00f3n por cuenta de Google. Google no asociar\u00e1 su direcci\u00f3n IP con ning\u00fan otro dato del que disponga Google.<\/p>\n\n\n\n<p>Puede Usted rechazar el tratamiento de los datos o la informaci\u00f3n rechazando el uso de cookies mediante la selecci\u00f3n de la configuraci\u00f3n apropiada de su navegador, sin embargo, debe Usted saber que si lo hace puede ser que no pueda usar la plena funcionabilidad de este website. Al utilizar este website Usted consiente el tratamiento de informaci\u00f3n acerca de Usted por Google en la forma y para los fines arriba indicados [<a href=\"http:\/\/www.google.com\/intl\/es\/policies\/privacy\/\" target=\"_blank\" rel=\"noopener\">http:\/\/www.google.com\/intl\/es\/policies\/privacy\/<\/a>].<\/p>\n\n\n\n<ol class=\"wp-block-list\"><li><strong>Deshabilitar el uso de Cookies<\/strong><\/li><\/ol>\n\n\n\n<p>Si el usuario as\u00ed lo desea, es posible dejar de aceptar las&nbsp;<strong>Cookies<\/strong>&nbsp;del navegador, o dejar de aceptar las&nbsp;<strong>Cookies<\/strong>&nbsp;de un servicio en particular.<\/p>\n\n\n\n<p>Todos los navegadores modernos permiten cambiar la configuraci\u00f3n de Cookies. Estos ajustes normalmente se encuentran en las \u201cOpciones\u201d o \u201cPreferencias\u201d del men\u00fa del navegador.<br>El usuario podr\u00e1, en cualquier momento, deshabilitar el uso de Cookies en este sitio web mediante:<\/p>\n\n\n\n<p>La configuraci\u00f3n del&nbsp;<strong>navegador<\/strong>, por ejemplo:<\/p>\n\n\n\n<ul class=\"wp-block-list\"><li><strong>Google Chrome<\/strong>:&nbsp;<a href=\"http:\/\/support.google.com\/chrome\/bin\/answer.py?hl=es&amp;answer=95647\" target=\"_blank\" rel=\"noopener\">http:\/\/support.google.com\/chrome\/bin\/answer.py?hl=es&amp;answer=95647<\/a><\/li><li><strong>Internet Explorer<\/strong>:&nbsp;<a href=\"http:\/\/windows.microsoft.com\/es-es\/windows7\/how-to-manage-cookies-in-internet-explorer-9\" target=\"_blank\" rel=\"noopener\">http:\/\/windows.microsoft.com\/es-es\/windows7\/how-to-manage-cookies-in-internet-explorer-9<\/a><\/li><li><strong>Mozilla Firefox<\/strong>:&nbsp;<a href=\"http:\/\/support.mozilla.org\/es\/kb\/habilitar-y-deshabilitar-cookies-que-los-sitios-we\" target=\"_blank\" rel=\"noopener\">http:\/\/support.mozilla.org\/es\/kb\/habilitar-y-deshabilitar-cookies-que-los-sitios-we<\/a><\/li><li><strong>Apple Safari<\/strong>:&nbsp;<a href=\"http:\/\/support.apple.com\/kb\/ph5042\" target=\"_blank\" rel=\"noopener\">http:\/\/support.apple.com\/kb\/ph5042<\/a><\/li><li>Otras&nbsp;<strong>herramientas de terceros<\/strong>, disponibles on-line, que permiten a los usuarios detectar las&nbsp;<strong>Cookies<\/strong>&nbsp;en cada sitio web que visita y gestionar su desactivaci\u00f3n (por ejemplo, Ghostery:&nbsp;<a href=\"http:\/\/www.ghostery.com\/privacy-statement\" target=\"_blank\" rel=\"noopener\">http:\/\/www.ghostery.com\/privacy-statement<\/a>).<\/li><\/ul>\n\n\n\n<ol class=\"wp-block-list\"><li><strong>\u00bfQu\u00e9 ocurre al deshabilitar las Cookies?<\/strong><\/li><\/ol>\n\n\n\n<p>Algunas funcionalidades y servicios pueden quedar deshabilitados o tener un comportamiento diferente al esperado como, por ejemplo, permanecer identificado, mantener las compras en el \u201ccarrito de la compra\u201d en un servicio de comercio electr\u00f3nico o recibir informaci\u00f3n dirigida a su localizaci\u00f3n, entre otros.<\/p>\n\n\n\n<p>Si deshabilita el uso de&nbsp;<strong>Cookies<\/strong>&nbsp;en este sitio web es probable que deje de poder acceder a ciertas zonas del mismo o que se degrade notablemente la experiencia de navegaci\u00f3n en el mismo.<\/p>\n\n\n\n<ol class=\"wp-block-list\"><li><strong>Actualizaci\u00f3n de la Pol\u00edtica de Cookies<\/strong><\/li><\/ol>\n\n\n\n<p><strong>COLEGIO NTRA. SRA. DE MONTE-SI\u00d3N,&nbsp;<\/strong>puede modificar esta&nbsp;<strong>Pol\u00edtica de cookies<\/strong>&nbsp;en funci\u00f3n de exigencias legislativas, reglamentarias, o con la finalidad de adaptar dicha pol\u00edtica a las instrucciones dictadas por la Agencia Espa\u00f1ola de Protecci\u00f3n de Datos, por ello se aconseja a los usuarios que la visiten peri\u00f3dicamente.<\/p>\n\n\n\n<p>Cuando se produzcan cambios significativos en esta&nbsp;<strong>Pol\u00edtica de cookies<\/strong>, la entidad proceder\u00e1 a plasmarlos en la web.<\/p>\n","protected":false},"excerpt":{"rendered":"<p>Este sitio web, al igual que la mayor\u00eda de los sitios en Internet, usa Cookies para mejorar y optimizar la experiencia del usuario. A continuaci\u00f3n, encontrar\u00e1 informaci\u00f3n detallada sobre qu\u00e9 son las Cookies, qu\u00e9 tipo de Cookies utiliza este sitio web, c\u00f3mo puede desactivarlas en su navegador y c\u00f3mo bloquear espec\u00edficamente la instalaci\u00f3n de Cookies &#8230; <a title=\"Pol\u00edtica de cookies\" class=\"read-more\" href=\"https:\/\/montesion.es\/index.php\/politica-de-cookies\/\" aria-label=\"Leer m\u00e1s sobre Pol\u00edtica de cookies\">Leer m\u00e1s<\/a><\/p>\n","protected":false},"author":3,"featured_media":0,"parent":0,"menu_order":0,"comment_status":"closed","ping_status":"closed","template":"","meta":{"_monsterinsights_skip_tracking":false,"_monsterinsights_sitenote_active":false,"_monsterinsights_sitenote_note":"","_monsterinsights_sitenote_category":0,"footnotes":""},"class_list":["post-1031","page","type-page","status-publish"],"_links":{"self":[{"href":"https:\/\/montesion.es\/index.php\/wp-json\/wp\/v2\/pages\/1031","targetHints":{"allow":["GET"]}}],"collection":[{"href":"https:\/\/montesion.es\/index.php\/wp-json\/wp\/v2\/pages"}],"about":[{"href":"https:\/\/montesion.es\/index.php\/wp-json\/wp\/v2\/types\/page"}],"author":[{"embeddable":true,"href":"https:\/\/montesion.es\/index.php\/wp-json\/wp\/v2\/users\/3"}],"replies":[{"embeddable":true,"href":"https:\/\/montesion.es\/index.php\/wp-json\/wp\/v2\/comments?post=1031"}],"version-history":[{"count":1,"href":"https:\/\/montesion.es\/index.php\/wp-json\/wp\/v2\/pages\/1031\/revisions"}],"predecessor-version":[{"id":1032,"href":"https:\/\/montesion.es\/index.php\/wp-json\/wp\/v2\/pages\/1031\/revisions\/1032"}],"wp:attachment":[{"href":"https:\/\/montesion.es\/index.php\/wp-json\/wp\/v2\/media?parent=1031"}],"curies":[{"name":"wp","href":"https:\/\/api.w.org\/{rel}","templated":true}]}}